 {"id":84415,"date":"2024-04-01T14:48:31","date_gmt":"2024-04-01T12:48:31","guid":{"rendered":"https:\/\/www.comoditahome.com\/al\/?post_type=product&#038;p=84415"},"modified":"2026-04-23T09:00:51","modified_gmt":"2026-04-23T07:00:51","slug":"set-pjatash-blossom","status":"publish","type":"product","link":"https:\/\/www.comoditahome.com\/al\/product\/set-pjatash-blossom\/","title":{"rendered":"Set pjatash Blossom"},"content":{"rendered":"","protected":false},"excerpt":{"rendered":"<div class=\"woocommerce-product-details__short-description\">\n<p style=\"text-align: left;\">Seti i pjatave Blossom ve\u00e7ohet p\u00ebr stilin unik me linja rrethore, n\u00eb nj\u00eb simetri t\u00eb p\u00ebrkryer. Secila nga pjatat reflektohet nga bardh\u00ebsia e porcelanit dhe detajet e konturuara me kujdes mbi t\u00eb, ku secili dizajn i pjatave b\u00ebn q\u00eb t\u00eb shijohet ushqimi n\u00eb nj\u00eb dimension tjet\u00ebr.<\/p>\n<p style=\"text-align: left;\"><strong>Dimensioni \/ Kompozicioni:<\/strong> Seti ka 18 pjes\u00eb<\/p>\n<p style=\"text-align: left;\"><strong>NGJYRA:<\/strong> Me dizajn<\/p>\n<p style=\"text-align: left;\"><strong>MATERIALI:<\/strong>\u00a0Porcelan<\/p>\n<p style=\"text-align: left;\"><strong>UDH\u00cbZIMET E P\u00cbRDORIMIT:<\/strong><\/p>\n<p style=\"text-align: left;\"><strong>KUSHTET E KTHIMIT \/ GARANCION:<\/strong>\u00a0P\u00ebr k\u00ebt\u00eb produkt pranohet reklamacion brenda 24 or\u00ebve pasi t\u00eb pranoni porosin\u00eb.<br \/>\n&lt;span style=&#8221;color: #ffffff;&#8221;&gt;3905710930814 set pjatash blossom&lt;\/span&gt;<\/p>\n<\/div>\n","protected":false},"featured_media":84416,"template":"","meta":[],"product_cat":[63,57],"product_tag":[],"_links":{"self":[{"href":"https:\/\/www.comoditahome.com\/al\/wp-json\/wp\/v2\/product\/84415"}],"collection":[{"href":"https:\/\/www.comoditahome.com\/al\/wp-json\/wp\/v2\/product"}],"about":[{"href":"https:\/\/www.comoditahome.com\/al\/wp-json\/wp\/v2\/types\/product"}],"version-history":[{"count":3,"href":"https:\/\/www.comoditahome.com\/al\/wp-json\/wp\/v2\/product\/84415\/revisions"}],"predecessor-version":[{"id":84597,"href":"https:\/\/www.comoditahome.com\/al\/wp-json\/wp\/v2\/product\/84415\/revisions\/84597"}],"wp:featuredmedia":[{"embeddable":true,"href":"https:\/\/www.comoditahome.com\/al\/wp-json\/wp\/v2\/media\/84416"}],"wp:attachment":[{"href":"https:\/\/www.comoditahome.com\/al\/wp-json\/wp\/v2\/media?parent=84415"}],"wp:term":[{"taxonomy":"product_cat","embeddable":true,"href":"https:\/\/www.comoditahome.com\/al\/wp-json\/wp\/v2\/product_cat?post=84415"},{"taxonomy":"product_tag","embeddable":true,"href":"https:\/\/www.comoditahome.com\/al\/wp-json\/wp\/v2\/product_tag?post=84415"}],"curies":[{"name":"wp","href":"https:\/\/api.w.org\/{rel}","templated":true}]}}