 {"id":84419,"date":"2025-04-01T14:57:23","date_gmt":"2025-04-01T12:57:23","guid":{"rendered":"https:\/\/www.comoditahome.com\/al\/?post_type=product&#038;p=84419"},"modified":"2026-04-09T11:55:19","modified_gmt":"2026-04-09T09:55:19","slug":"jorgan-cotton-160x220cm","status":"publish","type":"product","link":"https:\/\/www.comoditahome.com\/al\/product\/jorgan-cotton-160x220cm\/","title":{"rendered":"Jorgan Cotton 160x220cm"},"content":{"rendered":"","protected":false},"excerpt":{"rendered":"<p>Ky jorgan \u00ebsht\u00eb shum\u00eb i but\u00eb dhe antialergjik, i mbushur me pambuk dhe mb\u00ebshtjell\u00ebs me mikrofibra. Dallohet si ngroh\u00ebs i mir\u00eb pa bartur pesh\u00eb t\u00eb r\u00ebnd\u00eb.<br \/>\nDimensioni \/ Kompozicioni:160X220cm<br \/>\nNGJYRA: I bardh\u00eb<br \/>\nMATERIALI: Pambuk<br \/>\nUDH\u00cbZIMET E P\u00cbRDORIMIT: N\u00eb makin\u00eb lar\u00ebse 40\u00b0C<br \/>\nKUSHTET E KTHIMIT \/ GARANCION:P\u00ebr shkak t\u00eb kontaktit me higjien\u00eb personale, p\u00ebr produktet e tekstilit nuk pranohen kthime apo reklamacione.<\/p>\n<p><span style=\"color: #ffffff;\">3907489180841<\/span><\/p>\n","protected":false},"featured_media":84420,"template":"","meta":[],"product_cat":[51,65],"product_tag":[],"_links":{"self":[{"href":"https:\/\/www.comoditahome.com\/al\/wp-json\/wp\/v2\/product\/84419"}],"collection":[{"href":"https:\/\/www.comoditahome.com\/al\/wp-json\/wp\/v2\/product"}],"about":[{"href":"https:\/\/www.comoditahome.com\/al\/wp-json\/wp\/v2\/types\/product"}],"version-history":[{"count":2,"href":"https:\/\/www.comoditahome.com\/al\/wp-json\/wp\/v2\/product\/84419\/revisions"}],"predecessor-version":[{"id":84633,"href":"https:\/\/www.comoditahome.com\/al\/wp-json\/wp\/v2\/product\/84419\/revisions\/84633"}],"wp:featuredmedia":[{"embeddable":true,"href":"https:\/\/www.comoditahome.com\/al\/wp-json\/wp\/v2\/media\/84420"}],"wp:attachment":[{"href":"https:\/\/www.comoditahome.com\/al\/wp-json\/wp\/v2\/media?parent=84419"}],"wp:term":[{"taxonomy":"product_cat","embeddable":true,"href":"https:\/\/www.comoditahome.com\/al\/wp-json\/wp\/v2\/product_cat?post=84419"},{"taxonomy":"product_tag","embeddable":true,"href":"https:\/\/www.comoditahome.com\/al\/wp-json\/wp\/v2\/product_tag?post=84419"}],"curies":[{"name":"wp","href":"https:\/\/api.w.org\/{rel}","templated":true}]}}