 {"id":84426,"date":"2025-04-01T15:02:25","date_gmt":"2025-04-01T13:02:25","guid":{"rendered":"https:\/\/www.comoditahome.com\/al\/?post_type=product&#038;p=84426"},"modified":"2026-04-23T09:00:51","modified_gmt":"2026-04-23T07:00:51","slug":"set-filxhanesh-kafeje-labyrinth-blue","status":"publish","type":"product","link":"https:\/\/www.comoditahome.com\/al\/product\/set-filxhanesh-kafeje-labyrinth-blue\/","title":{"rendered":"Set filxhan\u00ebsh kafeje Labyrinth Blue"},"content":{"rendered":"","protected":false},"excerpt":{"rendered":"<p>Ky set fillxhan\u00ebsh kafeje, ka nj\u00eb dizajn modern, konturuar me forma vijash minimale. Dizajni i tyre artistik, i mund\u00ebson p\u00ebrdorim jet\u00ebgjat\u00eb dhe i b\u00ebn\u00eb shum\u00eb t\u00eb leht\u00eb p\u00ebr t\u2019u mir\u00ebmbajtur. Shijoni koh\u00ebn tuaj me stil.<\/p>\n<p>Dimensioni \/ Kompozicioni: 90 mll; Seti ka 12 pjes\u00eb: 6x filxhan\u00eb, 6x pjat\u00ebza<\/p>\n<p>NGJYRA: Me dizajn<\/p>\n<p>MATERIALI: Porcelan<\/p>\n<p>UDH\u00cbZIMET E P\u00cbRDORIMIT: T\u00eb pastrohet me dor\u00eb<\/p>\n<p>KUSHTET E KTHIMIT \/ GARANCION: P\u00ebr k\u00ebt\u00eb produkt pranohet reklamacion brenda 24 or\u00ebve pasi t\u00eb pranoni porosin\u00eb.<\/p>\n<p><span style=\"color: #ffffff;\">3907489381937<\/span><\/p>\n","protected":false},"featured_media":84427,"template":"","meta":[],"product_cat":[151,62,55],"product_tag":[],"_links":{"self":[{"href":"https:\/\/www.comoditahome.com\/al\/wp-json\/wp\/v2\/product\/84426"}],"collection":[{"href":"https:\/\/www.comoditahome.com\/al\/wp-json\/wp\/v2\/product"}],"about":[{"href":"https:\/\/www.comoditahome.com\/al\/wp-json\/wp\/v2\/types\/product"}],"version-history":[{"count":1,"href":"https:\/\/www.comoditahome.com\/al\/wp-json\/wp\/v2\/product\/84426\/revisions"}],"predecessor-version":[{"id":84431,"href":"https:\/\/www.comoditahome.com\/al\/wp-json\/wp\/v2\/product\/84426\/revisions\/84431"}],"wp:featuredmedia":[{"embeddable":true,"href":"https:\/\/www.comoditahome.com\/al\/wp-json\/wp\/v2\/media\/84427"}],"wp:attachment":[{"href":"https:\/\/www.comoditahome.com\/al\/wp-json\/wp\/v2\/media?parent=84426"}],"wp:term":[{"taxonomy":"product_cat","embeddable":true,"href":"https:\/\/www.comoditahome.com\/al\/wp-json\/wp\/v2\/product_cat?post=84426"},{"taxonomy":"product_tag","embeddable":true,"href":"https:\/\/www.comoditahome.com\/al\/wp-json\/wp\/v2\/product_tag?post=84426"}],"curies":[{"name":"wp","href":"https:\/\/api.w.org\/{rel}","templated":true}]}}