 {"id":84438,"date":"2025-04-01T15:04:52","date_gmt":"2025-04-01T13:04:52","guid":{"rendered":"https:\/\/www.comoditahome.com\/al\/?post_type=product&#038;p=84438"},"modified":"2026-04-23T09:00:51","modified_gmt":"2026-04-23T07:00:51","slug":"set-filxhanesh-kafeje-eden","status":"publish","type":"product","link":"https:\/\/www.comoditahome.com\/al\/product\/set-filxhanesh-kafeje-eden\/","title":{"rendered":"Set filxhan\u00ebsh kafeje Eden"},"content":{"rendered":"","protected":false},"excerpt":{"rendered":"<p>Seti i filxhan\u00ebve t\u00eb kaf\u00ebs Eden, vjen me nj\u00eb dizajn tejet artistik duke paraqitur detaje t\u00eb bot\u00ebs natyrore, t\u00eb konturuar me detaje speciale t\u00eb filxhanit q\u00eb kombinohet bukur me dizajnin e pjat\u00ebs.<\/p>\n<p>Dimensioni \/ Kompozicioni: 120ml; Seti ka 12 pjes\u00eb: 6x filxhan\u00eb, 6x pjat\u00ebza<\/p>\n<p>NGJYRA: Me dizajn<\/p>\n<p>MATERIALI: Porcelan<\/p>\n<p>UDH\u00cbZIMET E P\u00cbRDORIMIT: T\u00eb pastrohet me dor\u00eb<\/p>\n<p>KUSHTET E KTHIMIT \/ GARANCION: P\u00ebr k\u00ebt\u00eb produkt pranohet reklamacion brenda 24 or\u00ebve pasi t\u00eb pranoni porosin\u00eb.<\/p>\n<p><span style=\"color: #ffffff;\">3907489382555<\/span><\/p>\n","protected":false},"featured_media":84439,"template":"","meta":[],"product_cat":[151,62,55],"product_tag":[],"_links":{"self":[{"href":"https:\/\/www.comoditahome.com\/al\/wp-json\/wp\/v2\/product\/84438"}],"collection":[{"href":"https:\/\/www.comoditahome.com\/al\/wp-json\/wp\/v2\/product"}],"about":[{"href":"https:\/\/www.comoditahome.com\/al\/wp-json\/wp\/v2\/types\/product"}],"version-history":[{"count":1,"href":"https:\/\/www.comoditahome.com\/al\/wp-json\/wp\/v2\/product\/84438\/revisions"}],"predecessor-version":[{"id":84441,"href":"https:\/\/www.comoditahome.com\/al\/wp-json\/wp\/v2\/product\/84438\/revisions\/84441"}],"wp:featuredmedia":[{"embeddable":true,"href":"https:\/\/www.comoditahome.com\/al\/wp-json\/wp\/v2\/media\/84439"}],"wp:attachment":[{"href":"https:\/\/www.comoditahome.com\/al\/wp-json\/wp\/v2\/media?parent=84438"}],"wp:term":[{"taxonomy":"product_cat","embeddable":true,"href":"https:\/\/www.comoditahome.com\/al\/wp-json\/wp\/v2\/product_cat?post=84438"},{"taxonomy":"product_tag","embeddable":true,"href":"https:\/\/www.comoditahome.com\/al\/wp-json\/wp\/v2\/product_tag?post=84438"}],"curies":[{"name":"wp","href":"https:\/\/api.w.org\/{rel}","templated":true}]}}