 {"id":84542,"date":"2023-04-07T10:34:00","date_gmt":"2023-04-07T08:34:00","guid":{"rendered":"https:\/\/www.comoditahome.com\/al\/?post_type=product&#038;p=84542"},"modified":"2026-03-02T09:11:55","modified_gmt":"2026-03-02T07:11:55","slug":"set-carcafesh-melanie-chrome-pinstripe-per-dy-persona","status":"publish","type":"product","link":"https:\/\/www.comoditahome.com\/al\/product\/set-carcafesh-melanie-chrome-pinstripe-per-dy-persona\/","title":{"rendered":"Set \u00e7ar\u00e7af\u00ebsh Melanie Chrome Pinstripe p\u00ebr dy persona"},"content":{"rendered":"","protected":false},"excerpt":{"rendered":"<p style=\"text-align: left;\">P\u00ebr nj\u00eb pamje moderne dhe freskuese, zgjidhni k\u00ebt\u00eb set \u00e7ar\u00e7af\u00ebsh me motive t\u00eb gjalla gjeometrike. Me tekstil t\u00eb but\u00eb, ky set do t\u00eb sjell\u00eb nj\u00eb frym\u00eb t\u00eb re n\u00eb dhom\u00ebn tuaj t\u00eb gjumit.<br \/>\nDimensioni \/ Kompozicioni: Set me 4 pjes\u00eb: 1x k\u00ebll\u00ebf jorgani 200x220cm, 1x \u00e7ar\u00e7af i dyshekut 240x260cm, 2x k\u00ebll\u00ebf jast\u00ebk\u00ebsh 50x70cm<br \/>\nNGJYRA: Me dizajn<br \/>\nMATERIALI: 100% Pambuk<br \/>\nUDH\u00cbZIMET E P\u00cbRDORIMIT: N\u00eb makin\u00eb lar\u00ebse 30\u00b0C<br \/>\nKUSHTET E KTHIMIT \/ GARANCION: P\u00ebr shkak t\u00eb kontaktit me higjien\u00eb personale, p\u00ebr produktet e tekstilit nuk pranohen kthime apo reklamacione.<br \/>\n<span style=\"color: #ffffff;\">3907489384289 qarshaf qarshafa carshafa carshaf<\/span><\/p>\n","protected":false},"featured_media":84543,"template":"","meta":[],"product_cat":[51,52],"product_tag":[],"_links":{"self":[{"href":"https:\/\/www.comoditahome.com\/al\/wp-json\/wp\/v2\/product\/84542"}],"collection":[{"href":"https:\/\/www.comoditahome.com\/al\/wp-json\/wp\/v2\/product"}],"about":[{"href":"https:\/\/www.comoditahome.com\/al\/wp-json\/wp\/v2\/types\/product"}],"version-history":[{"count":3,"href":"https:\/\/www.comoditahome.com\/al\/wp-json\/wp\/v2\/product\/84542\/revisions"}],"predecessor-version":[{"id":88515,"href":"https:\/\/www.comoditahome.com\/al\/wp-json\/wp\/v2\/product\/84542\/revisions\/88515"}],"wp:featuredmedia":[{"embeddable":true,"href":"https:\/\/www.comoditahome.com\/al\/wp-json\/wp\/v2\/media\/84543"}],"wp:attachment":[{"href":"https:\/\/www.comoditahome.com\/al\/wp-json\/wp\/v2\/media?parent=84542"}],"wp:term":[{"taxonomy":"product_cat","embeddable":true,"href":"https:\/\/www.comoditahome.com\/al\/wp-json\/wp\/v2\/product_cat?post=84542"},{"taxonomy":"product_tag","embeddable":true,"href":"https:\/\/www.comoditahome.com\/al\/wp-json\/wp\/v2\/product_tag?post=84542"}],"curies":[{"name":"wp","href":"https:\/\/api.w.org\/{rel}","templated":true}]}}