 {"id":84557,"date":"2025-04-07T10:41:01","date_gmt":"2025-04-07T08:41:01","guid":{"rendered":"https:\/\/www.comoditahome.com\/al\/?post_type=product&#038;p=84557"},"modified":"2026-04-25T20:02:55","modified_gmt":"2026-04-25T18:02:55","slug":"set-carcafesh-athena-per-nje-person","status":"publish","type":"product","link":"https:\/\/www.comoditahome.com\/al\/product\/set-carcafesh-athena-per-nje-person\/","title":{"rendered":"Set \u00e7ar\u00e7af\u00ebsh Athena p\u00ebr nj\u00eb person"},"content":{"rendered":"","protected":false},"excerpt":{"rendered":"<p style=\"text-align: left;\">P\u00ebr nj\u00eb pamje moderne zgjidhni k\u00ebt\u00eb set \u00e7ar\u00e7af\u00ebsh me motive gjeometrike. Me material t\u00eb but\u00eb, ky set do t\u00eb sjell\u00eb nj\u00eb frym\u00eb t\u00eb re n\u00eb dhom\u00ebn tuaj t\u00eb gjumit.<br \/>\nDimensioni \/ Kompozicioni: Set me 3 pjes\u00eb: 1x k\u00ebll\u00ebf jorgani 160x220cm, 1x \u00e7ar\u00e7af i dyshekut 160x240cm, 1x k\u00ebll\u00ebf jast\u00ebku 50x70cm<br \/>\nNGJYRA: Mint<br \/>\nMATERIALI: 100% Pambuk<br \/>\nUDH\u00cbZIMET E P\u00cbRDORIMIT: N\u00eb makin\u00eb lar\u00ebse 30\u00b0C<br \/>\nKUSHTET E KTHIMIT \/ GARANCION: P\u00ebr shkak t\u00eb kontaktit me higjien\u00eb personale, p\u00ebr produktet e tekstilit nuk pranohen kthime apo reklamacione.<\/p>\n<p><span style=\"color: #ffffff;\">3907489382104 qarshaf qarshafa carshafa carshaf<\/span><\/p>\n","protected":false},"featured_media":84559,"template":"","meta":[],"product_cat":[51,52],"product_tag":[],"_links":{"self":[{"href":"https:\/\/www.comoditahome.com\/al\/wp-json\/wp\/v2\/product\/84557"}],"collection":[{"href":"https:\/\/www.comoditahome.com\/al\/wp-json\/wp\/v2\/product"}],"about":[{"href":"https:\/\/www.comoditahome.com\/al\/wp-json\/wp\/v2\/types\/product"}],"version-history":[{"count":3,"href":"https:\/\/www.comoditahome.com\/al\/wp-json\/wp\/v2\/product\/84557\/revisions"}],"predecessor-version":[{"id":88510,"href":"https:\/\/www.comoditahome.com\/al\/wp-json\/wp\/v2\/product\/84557\/revisions\/88510"}],"wp:featuredmedia":[{"embeddable":true,"href":"https:\/\/www.comoditahome.com\/al\/wp-json\/wp\/v2\/media\/84559"}],"wp:attachment":[{"href":"https:\/\/www.comoditahome.com\/al\/wp-json\/wp\/v2\/media?parent=84557"}],"wp:term":[{"taxonomy":"product_cat","embeddable":true,"href":"https:\/\/www.comoditahome.com\/al\/wp-json\/wp\/v2\/product_cat?post=84557"},{"taxonomy":"product_tag","embeddable":true,"href":"https:\/\/www.comoditahome.com\/al\/wp-json\/wp\/v2\/product_tag?post=84557"}],"curies":[{"name":"wp","href":"https:\/\/api.w.org\/{rel}","templated":true}]}}