 {"id":84623,"date":"2023-04-07T12:16:52","date_gmt":"2023-04-07T10:16:52","guid":{"rendered":"https:\/\/www.comoditahome.com\/al\/?post_type=product&#038;p=84623"},"modified":"2026-03-02T09:11:56","modified_gmt":"2026-03-02T07:11:56","slug":"set-carcafesh-stripe-violet-160x200cm","status":"publish","type":"product","link":"https:\/\/www.comoditahome.com\/al\/product\/set-carcafesh-stripe-violet-160x200cm\/","title":{"rendered":"Set \u00e7ar\u00e7af\u00ebsh Stripe Violet 160\u00d7200cm"},"content":{"rendered":"","protected":false},"excerpt":{"rendered":"<p>Seti i \u00e7ar\u00e7af\u00ebve Stripe Violet, argumenton eleganc\u00ebn q\u00eb sjell nj\u00eb model klasik, i dizajnuar me kombinim t\u00eb vijave me ngjyr\u00eb t\u00eb njejt\u00eb. \u00cbsht\u00eb leht\u00ebsisht i p\u00ebrshtatsh\u00ebm n\u00eb stilimet e dhomave moderne apo tradicionale. Ky set \u00e7ar\u00e7af\u00ebsh ju mund\u00ebson ambient higjenik larg alergjive dhe bakterieve.<br \/>\nDimensioni \/ Kompozicioni: Set me 3 pjes\u00eb: 1x k\u00ebll\u00ebf jorgani 160x200cm, 1x \u00e7ar\u00e7af i dyshekut 140x160cm, 1x k\u00ebll\u00ebf jast\u00ebk\u00ebsh 50x70cm.<br \/>\nNGJYRA: Vjollc\u00eb<br \/>\nMATERIALI: 100% Pambuk<br \/>\nUDH\u00cbZIMET E P\u00cbRDORIMIT: N\u00eb makin\u00eb lar\u00ebse 30\u00b0C<br \/>\nKUSHTET E KTHIMIT \/ GARANCION: P\u00ebr shkak t\u00eb kontaktit me higjien\u00eb personale, p\u00ebr produktet e tekstilit nuk pranohen kthime apo reklamacione.<br \/>\n<span style=\"color: #ffffff;\">3907489381791 qarshaf<\/span><\/p>\n","protected":false},"featured_media":84624,"template":"","meta":[],"product_cat":[51,52],"product_tag":[],"_links":{"self":[{"href":"https:\/\/www.comoditahome.com\/al\/wp-json\/wp\/v2\/product\/84623"}],"collection":[{"href":"https:\/\/www.comoditahome.com\/al\/wp-json\/wp\/v2\/product"}],"about":[{"href":"https:\/\/www.comoditahome.com\/al\/wp-json\/wp\/v2\/types\/product"}],"version-history":[{"count":1,"href":"https:\/\/www.comoditahome.com\/al\/wp-json\/wp\/v2\/product\/84623\/revisions"}],"predecessor-version":[{"id":84627,"href":"https:\/\/www.comoditahome.com\/al\/wp-json\/wp\/v2\/product\/84623\/revisions\/84627"}],"wp:featuredmedia":[{"embeddable":true,"href":"https:\/\/www.comoditahome.com\/al\/wp-json\/wp\/v2\/media\/84624"}],"wp:attachment":[{"href":"https:\/\/www.comoditahome.com\/al\/wp-json\/wp\/v2\/media?parent=84623"}],"wp:term":[{"taxonomy":"product_cat","embeddable":true,"href":"https:\/\/www.comoditahome.com\/al\/wp-json\/wp\/v2\/product_cat?post=84623"},{"taxonomy":"product_tag","embeddable":true,"href":"https:\/\/www.comoditahome.com\/al\/wp-json\/wp\/v2\/product_tag?post=84623"}],"curies":[{"name":"wp","href":"https:\/\/api.w.org\/{rel}","templated":true}]}}