 {"id":84631,"date":"2025-04-07T12:20:03","date_gmt":"2025-04-07T10:20:03","guid":{"rendered":"https:\/\/www.comoditahome.com\/al\/?post_type=product&#038;p=84631"},"modified":"2026-04-20T22:34:42","modified_gmt":"2026-04-20T20:34:42","slug":"jorgan-cotton-220x240cm","status":"publish","type":"product","link":"https:\/\/www.comoditahome.com\/al\/product\/jorgan-cotton-220x240cm\/","title":{"rendered":"Jorgan Cotton 220x240cm"},"content":{"rendered":"","protected":false},"excerpt":{"rendered":"<p>Ky jorgan \u00ebsht\u00eb shum\u00eb i but\u00eb dhe antialergjik, i mbushur me pambuk dhe mb\u00ebshtjell\u00ebs me mikrofibra. Dallohet si ngroh\u00ebs i mir\u00eb pa bartur pesh\u00eb t\u00eb r\u00ebnd\u00eb.<br \/>\nDimensioni \/ Kompozicioni:220X240cm<br \/>\nNGJYRA: I bardh\u00eb<br \/>\nMATERIALI: Pambuk<br \/>\nUDH\u00cbZIMET E P\u00cbRDORIMIT: N\u00eb makin\u00eb lar\u00ebse 40\u00b0C<br \/>\nKUSHTET E KTHIMIT \/ GARANCION:P\u00ebr shkak t\u00eb kontaktit me higjien\u00eb personale, p\u00ebr produktet e tekstilit nuk pranohen kthime apo reklamacione.<\/p>\n<p><span style=\"color: #ffffff;\">3907489180865<\/span><\/p>\n","protected":false},"featured_media":84420,"template":"","meta":[],"product_cat":[51,65],"product_tag":[],"_links":{"self":[{"href":"https:\/\/www.comoditahome.com\/al\/wp-json\/wp\/v2\/product\/84631"}],"collection":[{"href":"https:\/\/www.comoditahome.com\/al\/wp-json\/wp\/v2\/product"}],"about":[{"href":"https:\/\/www.comoditahome.com\/al\/wp-json\/wp\/v2\/types\/product"}],"version-history":[{"count":1,"href":"https:\/\/www.comoditahome.com\/al\/wp-json\/wp\/v2\/product\/84631\/revisions"}],"predecessor-version":[{"id":84632,"href":"https:\/\/www.comoditahome.com\/al\/wp-json\/wp\/v2\/product\/84631\/revisions\/84632"}],"wp:featuredmedia":[{"embeddable":true,"href":"https:\/\/www.comoditahome.com\/al\/wp-json\/wp\/v2\/media\/84420"}],"wp:attachment":[{"href":"https:\/\/www.comoditahome.com\/al\/wp-json\/wp\/v2\/media?parent=84631"}],"wp:term":[{"taxonomy":"product_cat","embeddable":true,"href":"https:\/\/www.comoditahome.com\/al\/wp-json\/wp\/v2\/product_cat?post=84631"},{"taxonomy":"product_tag","embeddable":true,"href":"https:\/\/www.comoditahome.com\/al\/wp-json\/wp\/v2\/product_tag?post=84631"}],"curies":[{"name":"wp","href":"https:\/\/api.w.org\/{rel}","templated":true}]}}