 {"id":84639,"date":"2020-04-07T12:22:56","date_gmt":"2020-04-07T10:22:56","guid":{"rendered":"https:\/\/www.comoditahome.com\/al\/?post_type=product&#038;p=84639"},"modified":"2026-04-09T11:55:21","modified_gmt":"2026-04-09T09:55:21","slug":"jorgan-cotton-200x220cm","status":"publish","type":"product","link":"https:\/\/www.comoditahome.com\/al\/product\/jorgan-cotton-200x220cm\/","title":{"rendered":"Jorgan Cotton 200x220cm"},"content":{"rendered":"","protected":false},"excerpt":{"rendered":"<p>Ky jorgan \u00ebsht\u00eb shum\u00eb i but\u00eb dhe antialergjik, i mbushur me pambuk dhe mb\u00ebshtjell\u00ebs me mikrofibra. Dallohet si ngroh\u00ebs i mir\u00eb pa bartur pesh\u00eb t\u00eb r\u00ebnd\u00eb.<br \/>\nDimensioni \/ Kompozicioni:200x220cm<br \/>\nNGJYRA: I bardh\u00eb<br \/>\nMATERIALI: Pambuk<br \/>\nUDH\u00cbZIMET E P\u00cbRDORIMIT: N\u00eb makin\u00eb lar\u00ebse 40\u00b0C<br \/>\nKUSHTET E KTHIMIT \/ GARANCION:P\u00ebr shkak t\u00eb kontaktit me higjien\u00eb personale, p\u00ebr produktet e tekstilit nuk pranohen kthime apo reklamacione.<\/p>\n<p><span style=\"color: #ffffff;\">3907489180858<\/span><\/p>\n","protected":false},"featured_media":84420,"template":"","meta":[],"product_cat":[51,65],"product_tag":[],"_links":{"self":[{"href":"https:\/\/www.comoditahome.com\/al\/wp-json\/wp\/v2\/product\/84639"}],"collection":[{"href":"https:\/\/www.comoditahome.com\/al\/wp-json\/wp\/v2\/product"}],"about":[{"href":"https:\/\/www.comoditahome.com\/al\/wp-json\/wp\/v2\/types\/product"}],"version-history":[{"count":1,"href":"https:\/\/www.comoditahome.com\/al\/wp-json\/wp\/v2\/product\/84639\/revisions"}],"predecessor-version":[{"id":84640,"href":"https:\/\/www.comoditahome.com\/al\/wp-json\/wp\/v2\/product\/84639\/revisions\/84640"}],"wp:featuredmedia":[{"embeddable":true,"href":"https:\/\/www.comoditahome.com\/al\/wp-json\/wp\/v2\/media\/84420"}],"wp:attachment":[{"href":"https:\/\/www.comoditahome.com\/al\/wp-json\/wp\/v2\/media?parent=84639"}],"wp:term":[{"taxonomy":"product_cat","embeddable":true,"href":"https:\/\/www.comoditahome.com\/al\/wp-json\/wp\/v2\/product_cat?post=84639"},{"taxonomy":"product_tag","embeddable":true,"href":"https:\/\/www.comoditahome.com\/al\/wp-json\/wp\/v2\/product_tag?post=84639"}],"curies":[{"name":"wp","href":"https:\/\/api.w.org\/{rel}","templated":true}]}}