 {"id":84641,"date":"2025-04-07T12:24:26","date_gmt":"2025-04-07T10:24:26","guid":{"rendered":"https:\/\/www.comoditahome.com\/al\/?post_type=product&#038;p=84641"},"modified":"2026-03-02T09:11:56","modified_gmt":"2026-03-02T07:11:56","slug":"cajnik-i-zi","status":"publish","type":"product","link":"https:\/\/www.comoditahome.com\/al\/product\/cajnik-i-zi\/","title":{"rendered":"\u00c7ajnik i Zi"},"content":{"rendered":"","protected":false},"excerpt":{"rendered":"<div class=\"woocommerce-product-details__short-description\">\n<p style=\"text-align: left;\">\u00c7ajniku i bardh\u00eb dallohet p\u00ebr dizajnin me nj\u00eb form\u00eb klasike dhe mbajt\u00ebsen shum\u00eb t\u00eb p\u00ebrshtatshme. \u00cbsht\u00eb shum\u00eb i leht\u00eb p\u00ebr t\u2019u p\u00ebrdorur dhe ka kapacitet ngroh\u00ebs p\u00ebr 1.5l uj\u00eb. Ngroht\u00ebsin\u00eb e merr nga baza 360\u00b0C, q\u00eb \u00ebsht\u00eb e ndar\u00eb nga \u00e7ajniku p\u00ebr nj\u00eb servim m\u00eb kompakt.<\/p>\n<p style=\"text-align: left;\"><strong>Dimensioni \/ Kompozicioni:<\/strong> 1.5l<\/p>\n<p style=\"text-align: left;\"><strong>NGJYRA:<\/strong> E zez\u00eb<\/p>\n<p style=\"text-align: left;\"><strong>MATERIALI:<\/strong> Elektrik\u00eb dhe \u00e7eramik\u00eb<\/p>\n<p style=\"text-align: left;\"><strong>UDH\u00cbZIMET E P\u00cbRDORIMIT:<\/strong> T\u00eb pastrohet me Dor\u00eb<\/p>\n<p style=\"text-align: left;\"><strong>KUSHTET E KTHIMIT \/ GARANCION:<\/strong>P\u00ebr k\u00ebt\u00eb produkt pranohet reklamacion brenda 24 or\u00ebve pasi t\u00eb pranoni porosin\u00eb.<br \/>\n<span style=\"color: #ffffff;\">3905710930098<\/span><\/p>\n<\/div>\n","protected":false},"featured_media":84642,"template":"","meta":[],"product_cat":[64,57],"product_tag":[],"_links":{"self":[{"href":"https:\/\/www.comoditahome.com\/al\/wp-json\/wp\/v2\/product\/84641"}],"collection":[{"href":"https:\/\/www.comoditahome.com\/al\/wp-json\/wp\/v2\/product"}],"about":[{"href":"https:\/\/www.comoditahome.com\/al\/wp-json\/wp\/v2\/types\/product"}],"version-history":[{"count":2,"href":"https:\/\/www.comoditahome.com\/al\/wp-json\/wp\/v2\/product\/84641\/revisions"}],"predecessor-version":[{"id":84644,"href":"https:\/\/www.comoditahome.com\/al\/wp-json\/wp\/v2\/product\/84641\/revisions\/84644"}],"wp:featuredmedia":[{"embeddable":true,"href":"https:\/\/www.comoditahome.com\/al\/wp-json\/wp\/v2\/media\/84642"}],"wp:attachment":[{"href":"https:\/\/www.comoditahome.com\/al\/wp-json\/wp\/v2\/media?parent=84641"}],"wp:term":[{"taxonomy":"product_cat","embeddable":true,"href":"https:\/\/www.comoditahome.com\/al\/wp-json\/wp\/v2\/product_cat?post=84641"},{"taxonomy":"product_tag","embeddable":true,"href":"https:\/\/www.comoditahome.com\/al\/wp-json\/wp\/v2\/product_tag?post=84641"}],"curies":[{"name":"wp","href":"https:\/\/api.w.org\/{rel}","templated":true}]}}