 {"id":84651,"date":"2025-04-07T12:30:50","date_gmt":"2025-04-07T10:30:50","guid":{"rendered":"https:\/\/www.comoditahome.com\/al\/?post_type=product&#038;p=84651"},"modified":"2026-04-23T09:00:53","modified_gmt":"2026-04-23T07:00:53","slug":"set-filxhanesh-kafeje-solid-black","status":"publish","type":"product","link":"https:\/\/www.comoditahome.com\/al\/product\/set-filxhanesh-kafeje-solid-black\/","title":{"rendered":"Set filxhan\u00ebsh kafeje Solid Black"},"content":{"rendered":"","protected":false},"excerpt":{"rendered":"<p>Seti i filxhan\u00ebve t\u00eb kaf\u00ebs Black, vjen n\u00eb ngjyr\u00eb t\u00eb zez\u00eb si filxhani poashtu dhe pjata, t\u00eb konturuar me detaje speciale t\u00eb ngjyr\u00ebs ari.<\/p>\n<p>Dimensioni \/ Kompozicioni: 120ml; Seti ka 12 pjes\u00eb: 6x filxhan\u00eb, 6x pjat\u00ebza<\/p>\n<p>NGJYRA: Me dizajn<\/p>\n<p>MATERIALI: Porcelan<\/p>\n<p>UDH\u00cbZIMET E P\u00cbRDORIMIT: T\u00eb pastrohet me dor\u00eb<\/p>\n<p>KUSHTET E KTHIMIT \/ GARANCION: P\u00ebr k\u00ebt\u00eb produkt pranohet reklamacion brenda 24 or\u00ebve pasi t\u00eb pranoni porosin\u00eb.<\/p>\n<p><span style=\"color: #ffffff;\">3907489382654<\/span><\/p>\n","protected":false},"featured_media":84652,"template":"","meta":[],"product_cat":[151,62,55],"product_tag":[],"_links":{"self":[{"href":"https:\/\/www.comoditahome.com\/al\/wp-json\/wp\/v2\/product\/84651"}],"collection":[{"href":"https:\/\/www.comoditahome.com\/al\/wp-json\/wp\/v2\/product"}],"about":[{"href":"https:\/\/www.comoditahome.com\/al\/wp-json\/wp\/v2\/types\/product"}],"version-history":[{"count":1,"href":"https:\/\/www.comoditahome.com\/al\/wp-json\/wp\/v2\/product\/84651\/revisions"}],"predecessor-version":[{"id":84656,"href":"https:\/\/www.comoditahome.com\/al\/wp-json\/wp\/v2\/product\/84651\/revisions\/84656"}],"wp:featuredmedia":[{"embeddable":true,"href":"https:\/\/www.comoditahome.com\/al\/wp-json\/wp\/v2\/media\/84652"}],"wp:attachment":[{"href":"https:\/\/www.comoditahome.com\/al\/wp-json\/wp\/v2\/media?parent=84651"}],"wp:term":[{"taxonomy":"product_cat","embeddable":true,"href":"https:\/\/www.comoditahome.com\/al\/wp-json\/wp\/v2\/product_cat?post=84651"},{"taxonomy":"product_tag","embeddable":true,"href":"https:\/\/www.comoditahome.com\/al\/wp-json\/wp\/v2\/product_tag?post=84651"}],"curies":[{"name":"wp","href":"https:\/\/api.w.org\/{rel}","templated":true}]}}