 {"id":84657,"date":"2025-04-07T12:34:57","date_gmt":"2025-04-07T10:34:57","guid":{"rendered":"https:\/\/www.comoditahome.com\/al\/?post_type=product&#038;p=84657"},"modified":"2026-04-23T09:00:53","modified_gmt":"2026-04-23T07:00:53","slug":"filxhan-moonrose","status":"publish","type":"product","link":"https:\/\/www.comoditahome.com\/al\/product\/filxhan-moonrose\/","title":{"rendered":"Filxhan Moonrose"},"content":{"rendered":"","protected":false},"excerpt":{"rendered":"<p style=\"text-align: left;\">Shijoni kafen\u00eb ose \u00e7ajin tuaj me nj\u00eb prekje elegance me filxhanin Moonrose. Dizajni i tij mahnit\u00ebs me motive t\u00eb tr\u00ebndafilave n\u00eb sfond t\u00eb err\u00ebt dhe detajet e arta krijojn\u00eb nj\u00eb pamje t\u00eb sofistikuar.<\/p>\n<p style=\"text-align: left;\">Dimensioni \/ Kompozicioni: 370ML<\/p>\n<p style=\"text-align: left;\">NGJYRA: Me dizajn<\/p>\n<p style=\"text-align: left;\">MATERIALI: Porcelan<\/p>\n<p style=\"text-align: left;\">UDH\u00cbZIMET E P\u00cbRDORIMIT: T\u00eb pastrohet me dor\u00eb<\/p>\n<p style=\"text-align: left;\">KUSHTET E KTHIMIT \/ GARANCION: P\u00ebr k\u00ebt\u00eb produkt pranohet reklamacion brenda 24 or\u00ebve pasi t\u00eb pranoni porosin\u00eb.<\/p>\n<p style=\"text-align: left;\"><span style=\"color: #ffffff;\">3905710920020<\/span><\/p>\n","protected":false},"featured_media":84659,"template":"","meta":[],"product_cat":[58,55,57],"product_tag":[],"_links":{"self":[{"href":"https:\/\/www.comoditahome.com\/al\/wp-json\/wp\/v2\/product\/84657"}],"collection":[{"href":"https:\/\/www.comoditahome.com\/al\/wp-json\/wp\/v2\/product"}],"about":[{"href":"https:\/\/www.comoditahome.com\/al\/wp-json\/wp\/v2\/types\/product"}],"version-history":[{"count":2,"href":"https:\/\/www.comoditahome.com\/al\/wp-json\/wp\/v2\/product\/84657\/revisions"}],"predecessor-version":[{"id":84663,"href":"https:\/\/www.comoditahome.com\/al\/wp-json\/wp\/v2\/product\/84657\/revisions\/84663"}],"wp:featuredmedia":[{"embeddable":true,"href":"https:\/\/www.comoditahome.com\/al\/wp-json\/wp\/v2\/media\/84659"}],"wp:attachment":[{"href":"https:\/\/www.comoditahome.com\/al\/wp-json\/wp\/v2\/media?parent=84657"}],"wp:term":[{"taxonomy":"product_cat","embeddable":true,"href":"https:\/\/www.comoditahome.com\/al\/wp-json\/wp\/v2\/product_cat?post=84657"},{"taxonomy":"product_tag","embeddable":true,"href":"https:\/\/www.comoditahome.com\/al\/wp-json\/wp\/v2\/product_tag?post=84657"}],"curies":[{"name":"wp","href":"https:\/\/api.w.org\/{rel}","templated":true}]}}