 {"id":84664,"date":"2025-04-07T12:35:10","date_gmt":"2025-04-07T10:35:10","guid":{"rendered":"https:\/\/www.comoditahome.com\/al\/?post_type=product&#038;p=84664"},"modified":"2026-04-09T11:55:21","modified_gmt":"2026-04-09T09:55:21","slug":"filxhan-moonrose-kopje","status":"publish","type":"product","link":"https:\/\/www.comoditahome.com\/al\/product\/filxhan-moonrose-kopje\/","title":{"rendered":"Filxhan Wind Flower"},"content":{"rendered":"","protected":false},"excerpt":{"rendered":"<div class=\"woocommerce-product-details__short-description\">\n<p>Sillni ngroht\u00ebsi dhe gjall\u00ebri n\u00eb p\u00ebrditshm\u00ebrin\u00eb tuaj me filxhanin Wind Flower. Dizajni i tij i ndritsh\u00ebm me motive lulesh tropikale dhe detajet e arta e b\u00ebjn\u00eb k\u00ebt\u00eb set ideal p\u00ebr t\u00eb shijuar \u00e7do gll\u00ebnjk\u00eb me stil.<\/p>\n<p><strong>Dimensioni \/ Kompozicioni:<\/strong> 370ML<\/p>\n<p><strong>NGJYRA:<\/strong>\u00a0Me dizajn<\/p>\n<p><strong>MATERIALI:<\/strong>\u00a0Porcelan<\/p>\n<p><strong>UDH\u00cbZIMET E P\u00cbRDORIMIT:<\/strong>\u00a0T\u00eb pastrohet me dor\u00eb<\/p>\n<p><strong>KUSHTET E KTHIMIT \/ GARANCION:<\/strong>\u00a0P\u00ebr k\u00ebt\u00eb produkt pranohet reklamacion brenda 24 or\u00ebve pasi t\u00eb pranoni porosin\u00eb.<\/p>\n<\/div>\n<p>&nbsp;<\/p>\n<p style=\"text-align: left;\"><span style=\"color: #ffffff;\">3905710920037<\/span><\/p>\n","protected":false},"featured_media":84665,"template":"","meta":[],"product_cat":[58,55,57],"product_tag":[],"_links":{"self":[{"href":"https:\/\/www.comoditahome.com\/al\/wp-json\/wp\/v2\/product\/84664"}],"collection":[{"href":"https:\/\/www.comoditahome.com\/al\/wp-json\/wp\/v2\/product"}],"about":[{"href":"https:\/\/www.comoditahome.com\/al\/wp-json\/wp\/v2\/types\/product"}],"version-history":[{"count":3,"href":"https:\/\/www.comoditahome.com\/al\/wp-json\/wp\/v2\/product\/84664\/revisions"}],"predecessor-version":[{"id":84668,"href":"https:\/\/www.comoditahome.com\/al\/wp-json\/wp\/v2\/product\/84664\/revisions\/84668"}],"wp:featuredmedia":[{"embeddable":true,"href":"https:\/\/www.comoditahome.com\/al\/wp-json\/wp\/v2\/media\/84665"}],"wp:attachment":[{"href":"https:\/\/www.comoditahome.com\/al\/wp-json\/wp\/v2\/media?parent=84664"}],"wp:term":[{"taxonomy":"product_cat","embeddable":true,"href":"https:\/\/www.comoditahome.com\/al\/wp-json\/wp\/v2\/product_cat?post=84664"},{"taxonomy":"product_tag","embeddable":true,"href":"https:\/\/www.comoditahome.com\/al\/wp-json\/wp\/v2\/product_tag?post=84664"}],"curies":[{"name":"wp","href":"https:\/\/api.w.org\/{rel}","templated":true}]}}