 {"id":84674,"date":"2025-04-07T12:39:34","date_gmt":"2025-04-07T10:39:34","guid":{"rendered":"https:\/\/www.comoditahome.com\/al\/?post_type=product&#038;p=84674"},"modified":"2026-04-23T09:00:53","modified_gmt":"2026-04-23T07:00:53","slug":"set-sherbimi-caji-ehtnic-florals","status":"publish","type":"product","link":"https:\/\/www.comoditahome.com\/al\/product\/set-sherbimi-caji-ehtnic-florals\/","title":{"rendered":"Set sh\u00ebrbimi \u00e7aji Ehtnic Florals"},"content":{"rendered":"","protected":false},"excerpt":{"rendered":"<div class=\"woocommerce-product-details__short-description\">\n<p>Shijoni \u00e7ajin tuaj me stil me setin elegant t\u00eb sh\u00ebrbimit Ehtnic Florals. Seti p\u00ebrfshin nj\u00eb \u00e7ajnik t\u00eb bukur prej qelqi dhe nj\u00eb filxhan me pjat\u00eb t\u00eb dekoruar me motive klasike. I p\u00ebrsosur me nj\u00eb p\u00ebrvoj\u00eb relaksuese ose nj\u00eb dhurat\u00eb t\u00eb ve\u00e7ant\u00eb p\u00ebr adhuruesit e \u00e7ajit!<\/p>\n<p><strong>Dimensioni \/ Kompozicioni:<\/strong> Seti ka 4 pjes\u00eb<\/p>\n<p><strong>NGJYRA:<\/strong>\u00a0Me dizajn<\/p>\n<p><strong>MATERIALI:<\/strong>\u00a0Porcelan dhe qelq<\/p>\n<p><strong>UDH\u00cbZIMET E P\u00cbRDORIMIT:<\/strong>\u00a0T\u00eb pastrohet me dor\u00eb<\/p>\n<p><strong>KUSHTET E KTHIMIT \/ GARANCION:<\/strong>\u00a0P\u00ebr k\u00ebt\u00eb produkt pranohet reklamacion brenda 24 or\u00ebve pasi t\u00eb pranoni porosin\u00eb.<\/p>\n<\/div>\n<p>&nbsp;<\/p>\n<p style=\"text-align: left;\"><span style=\"color: #ffffff;\">3905710920051<\/span><\/p>\n","protected":false},"featured_media":84675,"template":"","meta":[],"product_cat":[61,58,55,57],"product_tag":[],"_links":{"self":[{"href":"https:\/\/www.comoditahome.com\/al\/wp-json\/wp\/v2\/product\/84674"}],"collection":[{"href":"https:\/\/www.comoditahome.com\/al\/wp-json\/wp\/v2\/product"}],"about":[{"href":"https:\/\/www.comoditahome.com\/al\/wp-json\/wp\/v2\/types\/product"}],"version-history":[{"count":2,"href":"https:\/\/www.comoditahome.com\/al\/wp-json\/wp\/v2\/product\/84674\/revisions"}],"predecessor-version":[{"id":87656,"href":"https:\/\/www.comoditahome.com\/al\/wp-json\/wp\/v2\/product\/84674\/revisions\/87656"}],"wp:featuredmedia":[{"embeddable":true,"href":"https:\/\/www.comoditahome.com\/al\/wp-json\/wp\/v2\/media\/84675"}],"wp:attachment":[{"href":"https:\/\/www.comoditahome.com\/al\/wp-json\/wp\/v2\/media?parent=84674"}],"wp:term":[{"taxonomy":"product_cat","embeddable":true,"href":"https:\/\/www.comoditahome.com\/al\/wp-json\/wp\/v2\/product_cat?post=84674"},{"taxonomy":"product_tag","embeddable":true,"href":"https:\/\/www.comoditahome.com\/al\/wp-json\/wp\/v2\/product_tag?post=84674"}],"curies":[{"name":"wp","href":"https:\/\/api.w.org\/{rel}","templated":true}]}}