 {"id":84678,"date":"2025-04-07T12:43:26","date_gmt":"2025-04-07T10:43:26","guid":{"rendered":"https:\/\/www.comoditahome.com\/al\/?post_type=product&#038;p=84678"},"modified":"2026-03-02T09:11:57","modified_gmt":"2026-03-02T07:11:57","slug":"set-filxhanesh-ehtnic-florals","status":"publish","type":"product","link":"https:\/\/www.comoditahome.com\/al\/product\/set-filxhanesh-ehtnic-florals\/","title":{"rendered":"Set filxhan\u00ebsh Ehtnic Florals"},"content":{"rendered":"","protected":false},"excerpt":{"rendered":"<p>Shijoni momentet tuaja t\u00eb \u00e7ajit apo kafes\u00eb me setin elegant t\u00eb filxhan\u00ebve, i cili sjell nj\u00eb prekje klasike dhe t\u00eb sofistikuar n\u00eb tryez\u00ebn tuaj. Me nj\u00eb dizajn delikat floral dhe material cil\u00ebsor, ky set \u00ebsht\u00eb ideal p\u00ebr pritje t\u00eb ve\u00e7anta.<\/p>\n<p><strong>Dimensioni \/ Kompozicioni:<\/strong> 120 ml; Seti ka 12 pjes\u00eb: 6x filxhan\u00eb, 6x pjat\u00ebza<\/p>\n<p><strong>NGJYRA:<\/strong>\u00a0Me dizajn<\/p>\n<p><strong>MATERIALI:<\/strong>\u00a0Porcelan<\/p>\n<p><strong>UDH\u00cbZIMET E P\u00cbRDORIMIT:<\/strong>\u00a0T\u00eb pastrohet me dor\u00eb<\/p>\n<p><strong>KUSHTET E KTHIMIT \/ GARANCION:<\/strong>\u00a0P\u00ebr k\u00ebt\u00eb produkt pranohet reklamacion brenda 24 or\u00ebve pasi t\u00eb pranoni porosin\u00eb.<\/p>\n<p>&nbsp;<\/p>\n<p><span style=\"color: #ffffff;\">3905710920068<\/span><\/p>\n","protected":false},"featured_media":84679,"template":"","meta":[],"product_cat":[62,55],"product_tag":[],"_links":{"self":[{"href":"https:\/\/www.comoditahome.com\/al\/wp-json\/wp\/v2\/product\/84678"}],"collection":[{"href":"https:\/\/www.comoditahome.com\/al\/wp-json\/wp\/v2\/product"}],"about":[{"href":"https:\/\/www.comoditahome.com\/al\/wp-json\/wp\/v2\/types\/product"}],"version-history":[{"count":2,"href":"https:\/\/www.comoditahome.com\/al\/wp-json\/wp\/v2\/product\/84678\/revisions"}],"predecessor-version":[{"id":84698,"href":"https:\/\/www.comoditahome.com\/al\/wp-json\/wp\/v2\/product\/84678\/revisions\/84698"}],"wp:featuredmedia":[{"embeddable":true,"href":"https:\/\/www.comoditahome.com\/al\/wp-json\/wp\/v2\/media\/84679"}],"wp:attachment":[{"href":"https:\/\/www.comoditahome.com\/al\/wp-json\/wp\/v2\/media?parent=84678"}],"wp:term":[{"taxonomy":"product_cat","embeddable":true,"href":"https:\/\/www.comoditahome.com\/al\/wp-json\/wp\/v2\/product_cat?post=84678"},{"taxonomy":"product_tag","embeddable":true,"href":"https:\/\/www.comoditahome.com\/al\/wp-json\/wp\/v2\/product_tag?post=84678"}],"curies":[{"name":"wp","href":"https:\/\/api.w.org\/{rel}","templated":true}]}}