 {"id":84688,"date":"2025-04-07T12:47:19","date_gmt":"2025-04-07T10:47:19","guid":{"rendered":"https:\/\/www.comoditahome.com\/al\/?post_type=product&#038;p=84688"},"modified":"2026-05-07T09:34:34","modified_gmt":"2026-05-07T07:34:34","slug":"mbajtese-sheqeri","status":"publish","type":"product","link":"https:\/\/www.comoditahome.com\/al\/product\/mbajtese-sheqeri\/","title":{"rendered":"Mbajt\u00ebse sheqeri"},"content":{"rendered":"","protected":false},"excerpt":{"rendered":"<div class=\"woocommerce-product-details__short-description\">\n<p>S\u00eb shpejti\u2026<\/p>\n<p><strong>Dimensioni \/ Kompozicioni:<\/strong> S\u00eb shpejti\u2026<\/p>\n<p><strong>NGJYRA:<\/strong> S\u00eb shpejti\u2026<\/p>\n<p><strong>MATERIALI:<\/strong>\u00a0S\u00eb shpejti\u2026<\/p>\n<p><strong>UDH\u00cbZIMET E P\u00cbRDORIMIT:<\/strong> S\u00eb shpejti\u2026<\/p>\n<p><strong>KUSHTET E KTHIMIT \/ GARANCION:<\/strong>\u00a0P\u00ebr k\u00ebt\u00eb produkt pranohet reklamacion brenda 24 or\u00ebve pasi t\u00eb pranoni porosin\u00eb.<\/p>\n<\/div>\n<p>&nbsp;<\/p>\n<p style=\"text-align: left;\"><span style=\"color: #ffffff;\">3905710920082<\/span><\/p>\n","protected":false},"featured_media":84689,"template":"","meta":[],"product_cat":[58,55,57],"product_tag":[],"_links":{"self":[{"href":"https:\/\/www.comoditahome.com\/al\/wp-json\/wp\/v2\/product\/84688"}],"collection":[{"href":"https:\/\/www.comoditahome.com\/al\/wp-json\/wp\/v2\/product"}],"about":[{"href":"https:\/\/www.comoditahome.com\/al\/wp-json\/wp\/v2\/types\/product"}],"version-history":[{"count":1,"href":"https:\/\/www.comoditahome.com\/al\/wp-json\/wp\/v2\/product\/84688\/revisions"}],"predecessor-version":[{"id":84691,"href":"https:\/\/www.comoditahome.com\/al\/wp-json\/wp\/v2\/product\/84688\/revisions\/84691"}],"wp:featuredmedia":[{"embeddable":true,"href":"https:\/\/www.comoditahome.com\/al\/wp-json\/wp\/v2\/media\/84689"}],"wp:attachment":[{"href":"https:\/\/www.comoditahome.com\/al\/wp-json\/wp\/v2\/media?parent=84688"}],"wp:term":[{"taxonomy":"product_cat","embeddable":true,"href":"https:\/\/www.comoditahome.com\/al\/wp-json\/wp\/v2\/product_cat?post=84688"},{"taxonomy":"product_tag","embeddable":true,"href":"https:\/\/www.comoditahome.com\/al\/wp-json\/wp\/v2\/product_tag?post=84688"}],"curies":[{"name":"wp","href":"https:\/\/api.w.org\/{rel}","templated":true}]}}