 {"id":84692,"date":"2025-04-07T12:50:35","date_gmt":"2025-04-07T10:50:35","guid":{"rendered":"https:\/\/www.comoditahome.com\/al\/?post_type=product&#038;p=84692"},"modified":"2026-05-07T09:34:34","modified_gmt":"2026-05-07T07:34:34","slug":"pjate-anesore-bloom","status":"publish","type":"product","link":"https:\/\/www.comoditahome.com\/al\/product\/pjate-anesore-bloom\/","title":{"rendered":"Pjat\u00eb an\u00ebsore Bloom"},"content":{"rendered":"","protected":false},"excerpt":{"rendered":"<div class=\"woocommerce-product-details__short-description\">\n<p>Shtoni nj\u00eb prekje natyrale dhe elegante n\u00eb tryez\u00ebn tuaj me pjat\u00ebn an\u00ebsore Bloom. Dizajni me motive delikate lulesh e b\u00ebn\u00eb t\u00eb p\u00ebrsosur p\u00ebr servirje t\u00eb ve\u00e7anta ose p\u00ebr t\u00eb sjell\u00eb bukuri n\u00eb p\u00ebrditshm\u00ebri. E p\u00ebrkyer p\u00ebr \u00e7do ambient modern dhe t\u00eb rafinuar.<\/p>\n<p><strong>Dimensioni \/ Kompozicioni:<\/strong> 36x22x2CM<\/p>\n<p><strong>NGJYRA:<\/strong>\u00a0Me dizajn<\/p>\n<p><strong>MATERIALI:<\/strong>\u00a0Porcelan<\/p>\n<p><strong>UDH\u00cbZIMET E P\u00cbRDORIMIT:<\/strong>\u00a0T\u00eb pastrohet me dor\u00eb<\/p>\n<p><strong>KUSHTET E KTHIMIT \/ GARANCION:<\/strong>\u00a0P\u00ebr k\u00ebt\u00eb produkt pranohet reklamacion brenda 24 or\u00ebve pasi t\u00eb pranoni porosin\u00eb.<\/p>\n<\/div>\n<p>&nbsp;<\/p>\n<p style=\"text-align: left;\"><span style=\"color: #ffffff;\">3905710920099<\/span><\/p>\n","protected":false},"featured_media":84693,"template":"","meta":[],"product_cat":[58,55,57],"product_tag":[],"_links":{"self":[{"href":"https:\/\/www.comoditahome.com\/al\/wp-json\/wp\/v2\/product\/84692"}],"collection":[{"href":"https:\/\/www.comoditahome.com\/al\/wp-json\/wp\/v2\/product"}],"about":[{"href":"https:\/\/www.comoditahome.com\/al\/wp-json\/wp\/v2\/types\/product"}],"version-history":[{"count":2,"href":"https:\/\/www.comoditahome.com\/al\/wp-json\/wp\/v2\/product\/84692\/revisions"}],"predecessor-version":[{"id":84697,"href":"https:\/\/www.comoditahome.com\/al\/wp-json\/wp\/v2\/product\/84692\/revisions\/84697"}],"wp:featuredmedia":[{"embeddable":true,"href":"https:\/\/www.comoditahome.com\/al\/wp-json\/wp\/v2\/media\/84693"}],"wp:attachment":[{"href":"https:\/\/www.comoditahome.com\/al\/wp-json\/wp\/v2\/media?parent=84692"}],"wp:term":[{"taxonomy":"product_cat","embeddable":true,"href":"https:\/\/www.comoditahome.com\/al\/wp-json\/wp\/v2\/product_cat?post=84692"},{"taxonomy":"product_tag","embeddable":true,"href":"https:\/\/www.comoditahome.com\/al\/wp-json\/wp\/v2\/product_tag?post=84692"}],"curies":[{"name":"wp","href":"https:\/\/api.w.org\/{rel}","templated":true}]}}