 {"id":84699,"date":"2025-04-07T12:50:58","date_gmt":"2025-04-07T10:50:58","guid":{"rendered":"https:\/\/www.comoditahome.com\/al\/?post_type=product&#038;p=84699"},"modified":"2026-04-23T09:00:53","modified_gmt":"2026-04-23T07:00:53","slug":"set-filxhanesh-caji-bloom","status":"publish","type":"product","link":"https:\/\/www.comoditahome.com\/al\/product\/set-filxhanesh-caji-bloom\/","title":{"rendered":"Set filxhan\u00ebsh \u00e7aji Bloom"},"content":{"rendered":"","protected":false},"excerpt":{"rendered":"<p style=\"text-align: left;\">P\u00ebrjetoni eleganc\u00ebn e nj\u00eb \u00e7aji t\u00eb k\u00ebndsh\u00ebm me setin e filxhan\u00ebve Bloom. Me motive delikate lulesh dhe nj\u00eb dizajn t\u00eb rafinuar, ky set \u00ebsht\u00eb ideal p\u00ebr pritje elegante ose p\u00ebr momente t\u00eb qeta relaksi. Nj\u00eb zgjedhje e p\u00ebrkryer p\u00ebr t\u2019i dhuruar bukuri \u00e7do tryeze.<\/p>\n<p style=\"text-align: left;\"><strong>Dimensioni \/ Kompozicioni:<\/strong> 200 ml; 12 pjes\u00eb: 6x filxhan\u00eb, 6x pjat\u00ebza<\/p>\n<p style=\"text-align: left;\"><strong>NGJYRA:<\/strong>\u00a0Me dizajn<\/p>\n<p style=\"text-align: left;\"><strong>MATERIALI:<\/strong>\u00a0Porcelan<\/p>\n<p style=\"text-align: left;\"><strong>UDH\u00cbZIMET E P\u00cbRDORIMIT:<\/strong>\u00a0T\u00eb pastrohet me dor\u00eb<\/p>\n<p style=\"text-align: left;\"><strong>KUSHTET E KTHIMIT \/ GARANCION:<\/strong>\u00a0P\u00ebr k\u00ebt\u00eb produkt pranohet reklamacion brenda 24 or\u00ebve pasi t\u00eb pranoni porosin\u00eb.<\/p>\n<p style=\"text-align: left;\"><span style=\"color: #ffffff;\">3905710920105<\/span><\/p>\n","protected":false},"featured_media":84700,"template":"","meta":[],"product_cat":[61,55],"product_tag":[],"_links":{"self":[{"href":"https:\/\/www.comoditahome.com\/al\/wp-json\/wp\/v2\/product\/84699"}],"collection":[{"href":"https:\/\/www.comoditahome.com\/al\/wp-json\/wp\/v2\/product"}],"about":[{"href":"https:\/\/www.comoditahome.com\/al\/wp-json\/wp\/v2\/types\/product"}],"version-history":[{"count":2,"href":"https:\/\/www.comoditahome.com\/al\/wp-json\/wp\/v2\/product\/84699\/revisions"}],"predecessor-version":[{"id":84704,"href":"https:\/\/www.comoditahome.com\/al\/wp-json\/wp\/v2\/product\/84699\/revisions\/84704"}],"wp:featuredmedia":[{"embeddable":true,"href":"https:\/\/www.comoditahome.com\/al\/wp-json\/wp\/v2\/media\/84700"}],"wp:attachment":[{"href":"https:\/\/www.comoditahome.com\/al\/wp-json\/wp\/v2\/media?parent=84699"}],"wp:term":[{"taxonomy":"product_cat","embeddable":true,"href":"https:\/\/www.comoditahome.com\/al\/wp-json\/wp\/v2\/product_cat?post=84699"},{"taxonomy":"product_tag","embeddable":true,"href":"https:\/\/www.comoditahome.com\/al\/wp-json\/wp\/v2\/product_tag?post=84699"}],"curies":[{"name":"wp","href":"https:\/\/api.w.org\/{rel}","templated":true}]}}