 {"id":84705,"date":"2025-04-07T12:52:29","date_gmt":"2025-04-07T10:52:29","guid":{"rendered":"https:\/\/www.comoditahome.com\/al\/?post_type=product&#038;p=84705"},"modified":"2026-04-23T09:00:53","modified_gmt":"2026-04-23T07:00:53","slug":"set-filxhanesh-kafe-bloom","status":"publish","type":"product","link":"https:\/\/www.comoditahome.com\/al\/product\/set-filxhanesh-kafe-bloom\/","title":{"rendered":"Set filxhanesh kafe Bloom"},"content":{"rendered":"","protected":false},"excerpt":{"rendered":"<p>Shijoni kafen\u00eb tuaj me stil me setin Bloom, i cili sjell nj\u00eb kombinim perfekt t\u00eb dizajnit floral dhe fines\u00ebs klasike. Ideale p\u00ebr p\u00ebrditshm\u00ebri ose p\u00ebr raste t\u00eb ve\u00e7anta me detajet e bukura!<\/p>\n<p><strong>Dimensioni \/ Kompozicioni:<\/strong> 80 ml; 12 pjes\u00eb: 6x filxhan\u00eb, 6x pjat\u00ebza<\/p>\n<p><strong>NGJYRA:<\/strong>\u00a0Me dizajn<\/p>\n<p><strong>MATERIALI:<\/strong>\u00a0Porcelan<\/p>\n<p><strong>UDH\u00cbZIMET E P\u00cbRDORIMIT:<\/strong>\u00a0T\u00eb pastrohet me dor\u00eb<\/p>\n<p><strong>KUSHTET E KTHIMIT \/ GARANCION:<\/strong>\u00a0P\u00ebr k\u00ebt\u00eb produkt pranohet reklamacion brenda 24 or\u00ebve pasi t\u00eb pranoni porosin\u00eb.<\/p>\n<p>&nbsp;<\/p>\n<p style=\"text-align: left;\"><span style=\"color: #ffffff;\">3905710920112<\/span><\/p>\n","protected":false},"featured_media":84706,"template":"","meta":[],"product_cat":[62,55],"product_tag":[],"_links":{"self":[{"href":"https:\/\/www.comoditahome.com\/al\/wp-json\/wp\/v2\/product\/84705"}],"collection":[{"href":"https:\/\/www.comoditahome.com\/al\/wp-json\/wp\/v2\/product"}],"about":[{"href":"https:\/\/www.comoditahome.com\/al\/wp-json\/wp\/v2\/types\/product"}],"version-history":[{"count":1,"href":"https:\/\/www.comoditahome.com\/al\/wp-json\/wp\/v2\/product\/84705\/revisions"}],"predecessor-version":[{"id":84709,"href":"https:\/\/www.comoditahome.com\/al\/wp-json\/wp\/v2\/product\/84705\/revisions\/84709"}],"wp:featuredmedia":[{"embeddable":true,"href":"https:\/\/www.comoditahome.com\/al\/wp-json\/wp\/v2\/media\/84706"}],"wp:attachment":[{"href":"https:\/\/www.comoditahome.com\/al\/wp-json\/wp\/v2\/media?parent=84705"}],"wp:term":[{"taxonomy":"product_cat","embeddable":true,"href":"https:\/\/www.comoditahome.com\/al\/wp-json\/wp\/v2\/product_cat?post=84705"},{"taxonomy":"product_tag","embeddable":true,"href":"https:\/\/www.comoditahome.com\/al\/wp-json\/wp\/v2\/product_tag?post=84705"}],"curies":[{"name":"wp","href":"https:\/\/api.w.org\/{rel}","templated":true}]}}