 {"id":84715,"date":"2025-04-07T12:57:36","date_gmt":"2025-04-07T10:57:36","guid":{"rendered":"https:\/\/www.comoditahome.com\/al\/?post_type=product&#038;p=84715"},"modified":"2026-04-23T09:00:53","modified_gmt":"2026-04-23T07:00:53","slug":"tave-per-pica-pretty-bloom","status":"publish","type":"product","link":"https:\/\/www.comoditahome.com\/al\/product\/tave-per-pica-pretty-bloom\/","title":{"rendered":"Tav\u00eb p\u00ebr Pica Pretty Bloom"},"content":{"rendered":"","protected":false},"excerpt":{"rendered":"<div class=\"woocommerce-product-details__short-description\">\n<p>Shtoni stil dhe funksionalitet n\u00eb kuzhin\u00ebn tuaj me tav\u00ebn Pretty Bloom. Ideale p\u00ebr servirjen e picave dhe ushqimeve t\u00eb tjera, kjo tav\u00eb e bukur me motive lulesh dhe dorez\u00eb prej druri sjell eleganc\u00eb dhe prakticitet n\u00eb \u00e7do sh\u00ebrbim. Perfekte p\u00ebr darka me stil!<\/p>\n<p><strong>Dimensioni \/ Kompozicioni:<\/strong> 23CM<\/p>\n<p><strong>NGJYRA:<\/strong>\u00a0Me dizajn<\/p>\n<p><strong>MATERIALI:<\/strong>\u00a0Porcelan me dru<\/p>\n<p><strong>UDH\u00cbZIMET E P\u00cbRDORIMIT:<\/strong>\u00a0T\u00eb pastrohet me dor\u00eb<\/p>\n<p><strong>KUSHTET E KTHIMIT \/ GARANCION:<\/strong>\u00a0P\u00ebr k\u00ebt\u00eb produkt pranohet reklamacion brenda 24 or\u00ebve pasi t\u00eb pranoni porosin\u00eb.<\/p>\n<\/div>\n<p>&nbsp;<\/p>\n<p style=\"text-align: left;\"><span style=\"color: #ffffff;\">3905710920167<\/span><\/p>\n","protected":false},"featured_media":84716,"template":"","meta":[],"product_cat":[58,55,57],"product_tag":[],"_links":{"self":[{"href":"https:\/\/www.comoditahome.com\/al\/wp-json\/wp\/v2\/product\/84715"}],"collection":[{"href":"https:\/\/www.comoditahome.com\/al\/wp-json\/wp\/v2\/product"}],"about":[{"href":"https:\/\/www.comoditahome.com\/al\/wp-json\/wp\/v2\/types\/product"}],"version-history":[{"count":1,"href":"https:\/\/www.comoditahome.com\/al\/wp-json\/wp\/v2\/product\/84715\/revisions"}],"predecessor-version":[{"id":84719,"href":"https:\/\/www.comoditahome.com\/al\/wp-json\/wp\/v2\/product\/84715\/revisions\/84719"}],"wp:featuredmedia":[{"embeddable":true,"href":"https:\/\/www.comoditahome.com\/al\/wp-json\/wp\/v2\/media\/84716"}],"wp:attachment":[{"href":"https:\/\/www.comoditahome.com\/al\/wp-json\/wp\/v2\/media?parent=84715"}],"wp:term":[{"taxonomy":"product_cat","embeddable":true,"href":"https:\/\/www.comoditahome.com\/al\/wp-json\/wp\/v2\/product_cat?post=84715"},{"taxonomy":"product_tag","embeddable":true,"href":"https:\/\/www.comoditahome.com\/al\/wp-json\/wp\/v2\/product_tag?post=84715"}],"curies":[{"name":"wp","href":"https:\/\/api.w.org\/{rel}","templated":true}]}}