 {"id":84720,"date":"2025-04-07T12:58:07","date_gmt":"2025-04-07T10:58:07","guid":{"rendered":"https:\/\/www.comoditahome.com\/al\/?post_type=product&#038;p=84720"},"modified":"2026-04-09T11:55:21","modified_gmt":"2026-04-09T09:55:21","slug":"kanister-pretty-bloom-1400ml","status":"publish","type":"product","link":"https:\/\/www.comoditahome.com\/al\/product\/kanister-pretty-bloom-1400ml\/","title":{"rendered":"Kanister Pretty Bloom 1400ML"},"content":{"rendered":"","protected":false},"excerpt":{"rendered":"<div class=\"woocommerce-product-details__short-description\">\n<p>Mbani ushqimet tuaja t\u00eb fresk\u00ebta dhe t\u00eb organizuara me kanister Pretty Bloom. Me nj\u00eb dizajn elegant floral dhe kapak bambuje, kjo kanist\u00ebr \u00ebsht\u00eb ideale p\u00ebr ruajtjen e kafes\u00eb, sheqerit apo drith\u00ebrave, duke sjell\u00eb bukuri dhe funksionalitet n\u00eb kuzhin\u00ebn tuaj!<\/p>\n<p><strong>Dimensioni \/ Kompozicioni:<\/strong> 1400ML<\/p>\n<p><strong>NGJYRA:<\/strong>\u00a0Me dizajn<\/p>\n<p><strong>MATERIALI:<\/strong>\u00a0Porcelan me dru<\/p>\n<p><strong>UDH\u00cbZIMET E P\u00cbRDORIMIT:<\/strong>\u00a0T\u00eb pastrohet me dor\u00eb<\/p>\n<p><strong>KUSHTET E KTHIMIT \/ GARANCION:<\/strong>\u00a0P\u00ebr k\u00ebt\u00eb produkt pranohet reklamacion brenda 24 or\u00ebve pasi t\u00eb pranoni porosin\u00eb.<\/p>\n<\/div>\n<p>&nbsp;<\/p>\n<p style=\"text-align: left;\"><span style=\"color: #ffffff;\">3905710920174<\/span><\/p>\n","protected":false},"featured_media":84721,"template":"","meta":[],"product_cat":[58,55,57],"product_tag":[],"_links":{"self":[{"href":"https:\/\/www.comoditahome.com\/al\/wp-json\/wp\/v2\/product\/84720"}],"collection":[{"href":"https:\/\/www.comoditahome.com\/al\/wp-json\/wp\/v2\/product"}],"about":[{"href":"https:\/\/www.comoditahome.com\/al\/wp-json\/wp\/v2\/types\/product"}],"version-history":[{"count":1,"href":"https:\/\/www.comoditahome.com\/al\/wp-json\/wp\/v2\/product\/84720\/revisions"}],"predecessor-version":[{"id":84724,"href":"https:\/\/www.comoditahome.com\/al\/wp-json\/wp\/v2\/product\/84720\/revisions\/84724"}],"wp:featuredmedia":[{"embeddable":true,"href":"https:\/\/www.comoditahome.com\/al\/wp-json\/wp\/v2\/media\/84721"}],"wp:attachment":[{"href":"https:\/\/www.comoditahome.com\/al\/wp-json\/wp\/v2\/media?parent=84720"}],"wp:term":[{"taxonomy":"product_cat","embeddable":true,"href":"https:\/\/www.comoditahome.com\/al\/wp-json\/wp\/v2\/product_cat?post=84720"},{"taxonomy":"product_tag","embeddable":true,"href":"https:\/\/www.comoditahome.com\/al\/wp-json\/wp\/v2\/product_tag?post=84720"}],"curies":[{"name":"wp","href":"https:\/\/api.w.org\/{rel}","templated":true}]}}