 {"id":84725,"date":"2025-04-07T12:59:16","date_gmt":"2025-04-07T10:59:16","guid":{"rendered":"https:\/\/www.comoditahome.com\/al\/?post_type=product&#038;p=84725"},"modified":"2026-04-09T11:55:21","modified_gmt":"2026-04-09T09:55:21","slug":"kanister-pretty-bloom-600ml","status":"publish","type":"product","link":"https:\/\/www.comoditahome.com\/al\/product\/kanister-pretty-bloom-600ml\/","title":{"rendered":"Kanister Pretty Bloom 600ML"},"content":{"rendered":"","protected":false},"excerpt":{"rendered":"<div class=\"woocommerce-product-details__short-description\">\n<p>Kanister perfekt p\u00ebr ruajtjen e \u00e7ajit, biskotave apo er\u00ebzave, Pretty Bloom sjell nj\u00eb kombinim t\u00eb eleganc\u00ebs dhe funksionalitetit. Me nj\u00eb kapak bambuje q\u00eb siguron freskin\u00eb, kjo en\u00eb \u00ebsht\u00eb nj\u00eb shtes\u00eb ideale p\u00ebr nje kuzhin\u00eb t\u00eb organizuar dhe t\u00eb stilizuar.<\/p>\n<p><strong>Dimensioni \/ Kompozicioni:<\/strong> 600ML<\/p>\n<p><strong>NGJYRA:<\/strong>\u00a0Me dizajn<\/p>\n<p><strong>MATERIALI:<\/strong>\u00a0Porcelan me dru<\/p>\n<p><strong>UDH\u00cbZIMET E P\u00cbRDORIMIT:<\/strong>\u00a0T\u00eb pastrohet me dor\u00eb<\/p>\n<p><strong>KUSHTET E KTHIMIT \/ GARANCION:<\/strong>\u00a0P\u00ebr k\u00ebt\u00eb produkt pranohet reklamacion brenda 24 or\u00ebve pasi t\u00eb pranoni porosin\u00eb.<\/p>\n<\/div>\n<p>&nbsp;<\/p>\n<p style=\"text-align: left;\"><span style=\"color: #ffffff;\">3905710920181<\/span><\/p>\n","protected":false},"featured_media":84726,"template":"","meta":[],"product_cat":[58,55,57],"product_tag":[],"_links":{"self":[{"href":"https:\/\/www.comoditahome.com\/al\/wp-json\/wp\/v2\/product\/84725"}],"collection":[{"href":"https:\/\/www.comoditahome.com\/al\/wp-json\/wp\/v2\/product"}],"about":[{"href":"https:\/\/www.comoditahome.com\/al\/wp-json\/wp\/v2\/types\/product"}],"version-history":[{"count":1,"href":"https:\/\/www.comoditahome.com\/al\/wp-json\/wp\/v2\/product\/84725\/revisions"}],"predecessor-version":[{"id":84729,"href":"https:\/\/www.comoditahome.com\/al\/wp-json\/wp\/v2\/product\/84725\/revisions\/84729"}],"wp:featuredmedia":[{"embeddable":true,"href":"https:\/\/www.comoditahome.com\/al\/wp-json\/wp\/v2\/media\/84726"}],"wp:attachment":[{"href":"https:\/\/www.comoditahome.com\/al\/wp-json\/wp\/v2\/media?parent=84725"}],"wp:term":[{"taxonomy":"product_cat","embeddable":true,"href":"https:\/\/www.comoditahome.com\/al\/wp-json\/wp\/v2\/product_cat?post=84725"},{"taxonomy":"product_tag","embeddable":true,"href":"https:\/\/www.comoditahome.com\/al\/wp-json\/wp\/v2\/product_tag?post=84725"}],"curies":[{"name":"wp","href":"https:\/\/api.w.org\/{rel}","templated":true}]}}