 {"id":84741,"date":"2025-04-07T13:05:57","date_gmt":"2025-04-07T11:05:57","guid":{"rendered":"https:\/\/www.comoditahome.com\/al\/?post_type=product&#038;p=84741"},"modified":"2026-05-07T09:34:34","modified_gmt":"2026-05-07T07:34:34","slug":"set-filxhanesh-kafeje-white-pearl","status":"publish","type":"product","link":"https:\/\/www.comoditahome.com\/al\/product\/set-filxhanesh-kafeje-white-pearl\/","title":{"rendered":"Set filxhan\u00ebsh kafeje White Pearl"},"content":{"rendered":"","protected":false},"excerpt":{"rendered":"<div class=\"woocommerce-product-details__short-description\">\n<p>Seti i filxhan\u00ebve t\u00eb kaf\u00ebs White Pearl, vjen me nj\u00eb dizajn artistik, t\u00eb konturuar me detaje speciale dhe t\u00eb art\u00eb n\u00eb sip\u00ebfaqen e ep\u00ebrme t\u00eb filxhanit dhe kombinohet mjaft\u00eb bukur me dizajnin e pjat\u00ebs. Shijoni kaf\u00ebn e mengjesit me m\u00eb shum\u00eb eleganc\u00eb.<\/p>\n<p><strong>Dimensioni \/ Kompozicioni:<\/strong>\u00a0120ml; Seti ka 12 pjes\u00eb: 6x filxhan\u00eb, 6x pjat\u00ebza<\/p>\n<p><strong>NGJYRA:<\/strong>\u00a0Bardh\u00eb, Ari<\/p>\n<p><strong>MATERIALI:<\/strong>\u00a0Porcelan<\/p>\n<p><strong>UDH\u00cbZIMET E P\u00cbRDORIMIT:<\/strong>\u00a0T\u00eb pastrohet me dor\u00eb<\/p>\n<p><strong>KUSHTET E KTHIMIT \/ GARANCION:<\/strong>\u00a0P\u00ebr k\u00ebt\u00eb produkt pranohet reklamacion brenda 24 or\u00ebve pasi t\u00eb pranoni porosin\u00eb.<\/p>\n<\/div>\n<p>&nbsp;<\/p>\n<p><span style=\"color: #ffffff;\">3907489290854<\/span><\/p>\n","protected":false},"featured_media":84742,"template":"","meta":[],"product_cat":[151,62,55],"product_tag":[],"_links":{"self":[{"href":"https:\/\/www.comoditahome.com\/al\/wp-json\/wp\/v2\/product\/84741"}],"collection":[{"href":"https:\/\/www.comoditahome.com\/al\/wp-json\/wp\/v2\/product"}],"about":[{"href":"https:\/\/www.comoditahome.com\/al\/wp-json\/wp\/v2\/types\/product"}],"version-history":[{"count":2,"href":"https:\/\/www.comoditahome.com\/al\/wp-json\/wp\/v2\/product\/84741\/revisions"}],"predecessor-version":[{"id":90756,"href":"https:\/\/www.comoditahome.com\/al\/wp-json\/wp\/v2\/product\/84741\/revisions\/90756"}],"wp:featuredmedia":[{"embeddable":true,"href":"https:\/\/www.comoditahome.com\/al\/wp-json\/wp\/v2\/media\/84742"}],"wp:attachment":[{"href":"https:\/\/www.comoditahome.com\/al\/wp-json\/wp\/v2\/media?parent=84741"}],"wp:term":[{"taxonomy":"product_cat","embeddable":true,"href":"https:\/\/www.comoditahome.com\/al\/wp-json\/wp\/v2\/product_cat?post=84741"},{"taxonomy":"product_tag","embeddable":true,"href":"https:\/\/www.comoditahome.com\/al\/wp-json\/wp\/v2\/product_tag?post=84741"}],"curies":[{"name":"wp","href":"https:\/\/api.w.org\/{rel}","templated":true}]}}