 {"id":84746,"date":"2025-04-07T13:08:11","date_gmt":"2025-04-07T11:08:11","guid":{"rendered":"https:\/\/www.comoditahome.com\/al\/?post_type=product&#038;p=84746"},"modified":"2026-05-07T09:34:34","modified_gmt":"2026-05-07T07:34:34","slug":"set-filxhanesh-kafeje-marquetry","status":"publish","type":"product","link":"https:\/\/www.comoditahome.com\/al\/product\/set-filxhanesh-kafeje-marquetry\/","title":{"rendered":"Set filxhan\u00ebsh kafeje Marquetry"},"content":{"rendered":"","protected":false},"excerpt":{"rendered":"<div class=\"woocommerce-product-details__short-description\">\n<div class=\"woocommerce-product-details__short-description\">\n<p>Seti i filxhan\u00ebve t\u00eb kaf\u00ebs Marquetry, vjen me nj\u00eb dizajn tejet artistik, t\u00eb konturuar me detaje speciale t\u00eb filxhanit q\u00eb kombinohet mjaft\u00eb bukur me dizajnin e pjat\u00ebs. Me k\u00ebt\u00eb set, ju shijoni kaf\u00ebn e m\u00ebngjesit me m\u00eb shum\u00eb art.<\/p>\n<p><strong>Dimensioni \/ Kompozicioni:<\/strong>\u00a0120ml; Seti ka 12 pjes\u00eb: 6x filxhan\u00eb, 6x pjat\u00ebza<\/p>\n<p><strong>NGJYRA:<\/strong>\u00a0Me dizajn<\/p>\n<p><strong>MATERIALI:<\/strong>\u00a0Porcelan<\/p>\n<p><strong>UDH\u00cbZIMET E P\u00cbRDORIMIT:<\/strong>\u00a0T\u00eb pastrohet me dor\u00eb<\/p>\n<p><strong>KUSHTET E KTHIMIT \/ GARANCION:<\/strong>\u00a0P\u00ebr k\u00ebt\u00eb produkt pranohet reklamacion brenda 24 or\u00ebve pasi t\u00eb pranoni porosin\u00eb.<\/p>\n<\/div>\n<\/div>\n<p>&nbsp;<\/p>\n<p><span style=\"color: #ffffff;\">3907489290878<\/span><\/p>\n","protected":false},"featured_media":84747,"template":"","meta":[],"product_cat":[151,62,55],"product_tag":[],"_links":{"self":[{"href":"https:\/\/www.comoditahome.com\/al\/wp-json\/wp\/v2\/product\/84746"}],"collection":[{"href":"https:\/\/www.comoditahome.com\/al\/wp-json\/wp\/v2\/product"}],"about":[{"href":"https:\/\/www.comoditahome.com\/al\/wp-json\/wp\/v2\/types\/product"}],"version-history":[{"count":2,"href":"https:\/\/www.comoditahome.com\/al\/wp-json\/wp\/v2\/product\/84746\/revisions"}],"predecessor-version":[{"id":84758,"href":"https:\/\/www.comoditahome.com\/al\/wp-json\/wp\/v2\/product\/84746\/revisions\/84758"}],"wp:featuredmedia":[{"embeddable":true,"href":"https:\/\/www.comoditahome.com\/al\/wp-json\/wp\/v2\/media\/84747"}],"wp:attachment":[{"href":"https:\/\/www.comoditahome.com\/al\/wp-json\/wp\/v2\/media?parent=84746"}],"wp:term":[{"taxonomy":"product_cat","embeddable":true,"href":"https:\/\/www.comoditahome.com\/al\/wp-json\/wp\/v2\/product_cat?post=84746"},{"taxonomy":"product_tag","embeddable":true,"href":"https:\/\/www.comoditahome.com\/al\/wp-json\/wp\/v2\/product_tag?post=84746"}],"curies":[{"name":"wp","href":"https:\/\/api.w.org\/{rel}","templated":true}]}}