 {"id":84759,"date":"2025-04-07T13:12:46","date_gmt":"2025-04-07T11:12:46","guid":{"rendered":"https:\/\/www.comoditahome.com\/al\/?post_type=product&#038;p=84759"},"modified":"2026-05-05T18:22:03","modified_gmt":"2026-05-05T16:22:03","slug":"set-filxhanesh-kafeje-reminiscence","status":"publish","type":"product","link":"https:\/\/www.comoditahome.com\/al\/product\/set-filxhanesh-kafeje-reminiscence\/","title":{"rendered":"Set filxhan\u00ebsh kafeje Reminiscence"},"content":{"rendered":"","protected":false},"excerpt":{"rendered":"<div class=\"woocommerce-product-details__short-description\">\n<div class=\"woocommerce-product-details__short-description\">\n<p>Seti i filxhan\u00ebve t\u00eb kaf\u00ebs Reminiscence, vjen me nj\u00eb dizajn tejet artistik, t\u00eb konturuar me detaje speciale t\u00eb filxhanit q\u00eb kombinohet mjaft\u00eb bukur me dizajnin e pjat\u00ebs. Me k\u00ebt\u00eb set, ju shijoni kaf\u00ebn e m\u00ebngjesit me m\u00eb shum\u00eb art.<\/p>\n<p><strong>Dimensioni \/ Kompozicioni:<\/strong> 120ml; Seti ka 12 pjes\u00eb: 6x filxhan\u00eb, 6x pjat\u00ebza<\/p>\n<p><strong>NGJYRA:<\/strong> Me dizajn<\/p>\n<p><strong>MATERIALI:<\/strong> Porcelan<\/p>\n<p><strong>UDH\u00cbZIMET E P\u00cbRDORIMIT:<\/strong> T\u00eb pastrohet me dor\u00eb<\/p>\n<p><strong>KUSHTET E KTHIMIT \/ GARANCION:<\/strong> P\u00ebr k\u00ebt\u00eb produkt pranohet reklamacion brenda 24 or\u00ebve pasi t\u00eb pranoni porosin\u00eb.<\/p>\n<\/div>\n<\/div>\n<p>&nbsp;<\/p>\n<p><span style=\"color: #ffffff;\">3907489290892<\/span><\/p>\n","protected":false},"featured_media":84760,"template":"","meta":[],"product_cat":[151,62,55],"product_tag":[],"_links":{"self":[{"href":"https:\/\/www.comoditahome.com\/al\/wp-json\/wp\/v2\/product\/84759"}],"collection":[{"href":"https:\/\/www.comoditahome.com\/al\/wp-json\/wp\/v2\/product"}],"about":[{"href":"https:\/\/www.comoditahome.com\/al\/wp-json\/wp\/v2\/types\/product"}],"version-history":[{"count":1,"href":"https:\/\/www.comoditahome.com\/al\/wp-json\/wp\/v2\/product\/84759\/revisions"}],"predecessor-version":[{"id":84763,"href":"https:\/\/www.comoditahome.com\/al\/wp-json\/wp\/v2\/product\/84759\/revisions\/84763"}],"wp:featuredmedia":[{"embeddable":true,"href":"https:\/\/www.comoditahome.com\/al\/wp-json\/wp\/v2\/media\/84760"}],"wp:attachment":[{"href":"https:\/\/www.comoditahome.com\/al\/wp-json\/wp\/v2\/media?parent=84759"}],"wp:term":[{"taxonomy":"product_cat","embeddable":true,"href":"https:\/\/www.comoditahome.com\/al\/wp-json\/wp\/v2\/product_cat?post=84759"},{"taxonomy":"product_tag","embeddable":true,"href":"https:\/\/www.comoditahome.com\/al\/wp-json\/wp\/v2\/product_tag?post=84759"}],"curies":[{"name":"wp","href":"https:\/\/api.w.org\/{rel}","templated":true}]}}