 {"id":84777,"date":"2024-04-07T13:29:29","date_gmt":"2024-04-07T11:29:29","guid":{"rendered":"https:\/\/www.comoditahome.com\/al\/?post_type=product&#038;p=84777"},"modified":"2026-04-23T09:00:55","modified_gmt":"2026-04-23T07:00:55","slug":"set-pjatash-monochrome-lines","status":"publish","type":"product","link":"https:\/\/www.comoditahome.com\/al\/product\/set-pjatash-monochrome-lines\/","title":{"rendered":"Set pjatash Monochrome Lines"},"content":{"rendered":"","protected":false},"excerpt":{"rendered":"<p style=\"text-align: left;\">Seti i pjatave Monochrome Lines ve\u00e7ohet p\u00ebr stilin stil unik me linja rrethore, n\u00eb nj\u00eb simetri t\u00eb p\u00ebrkryer. Secila nga pjatat reflektohet nga bardh\u00ebsia e porcelanit dhe detajet e konturuara me kujdes mbi t\u00eb, ku secili dizajn i pjatave b\u00ebn q\u00eb t\u00eb shijohet ushqimi n\u00eb nj\u00eb dimension tjet\u00ebr.<\/p>\n<p style=\"text-align: left;\">Dimensioni \/ Kompozicioni: Seti ka 18 pjes\u00eb: 6x pjata p\u00ebr ushqim, 6x pjata p\u00ebr sup\u00eb, 6x pjata p\u00ebr desert<\/p>\n<p style=\"text-align: left;\">NGJYRA: Me dizajn<\/p>\n<p style=\"text-align: left;\">MATERIALI: Porcelan<\/p>\n<p style=\"text-align: left;\">UDH\u00cbZIMET E P\u00cbRDORIMIT: T\u00eb pastrohen me dor\u00eb<\/p>\n<p style=\"text-align: left;\">KUSHTET E KTHIMIT \/ GARANCION: P\u00ebr k\u00ebt\u00eb produkt pranohet reklamacion brenda 24 or\u00ebve pasi t\u00eb pranoni porosin\u00eb.<\/p>\n<p style=\"text-align: left;\"><span style=\"color: #ffffff;\">3907489291004<\/span><\/p>\n","protected":false},"featured_media":84778,"template":"","meta":[],"product_cat":[55,63,57],"product_tag":[],"_links":{"self":[{"href":"https:\/\/www.comoditahome.com\/al\/wp-json\/wp\/v2\/product\/84777"}],"collection":[{"href":"https:\/\/www.comoditahome.com\/al\/wp-json\/wp\/v2\/product"}],"about":[{"href":"https:\/\/www.comoditahome.com\/al\/wp-json\/wp\/v2\/types\/product"}],"version-history":[{"count":1,"href":"https:\/\/www.comoditahome.com\/al\/wp-json\/wp\/v2\/product\/84777\/revisions"}],"predecessor-version":[{"id":84783,"href":"https:\/\/www.comoditahome.com\/al\/wp-json\/wp\/v2\/product\/84777\/revisions\/84783"}],"wp:featuredmedia":[{"embeddable":true,"href":"https:\/\/www.comoditahome.com\/al\/wp-json\/wp\/v2\/media\/84778"}],"wp:attachment":[{"href":"https:\/\/www.comoditahome.com\/al\/wp-json\/wp\/v2\/media?parent=84777"}],"wp:term":[{"taxonomy":"product_cat","embeddable":true,"href":"https:\/\/www.comoditahome.com\/al\/wp-json\/wp\/v2\/product_cat?post=84777"},{"taxonomy":"product_tag","embeddable":true,"href":"https:\/\/www.comoditahome.com\/al\/wp-json\/wp\/v2\/product_tag?post=84777"}],"curies":[{"name":"wp","href":"https:\/\/api.w.org\/{rel}","templated":true}]}}