 {"id":84791,"date":"2022-04-07T13:32:18","date_gmt":"2022-04-07T11:32:18","guid":{"rendered":"https:\/\/www.comoditahome.com\/al\/?post_type=product&#038;p=84791"},"modified":"2026-04-23T09:00:55","modified_gmt":"2026-04-23T07:00:55","slug":"set-filxhanesh-kafeje-monochrome","status":"publish","type":"product","link":"https:\/\/www.comoditahome.com\/al\/product\/set-filxhanesh-kafeje-monochrome\/","title":{"rendered":"Set filxhan\u00ebsh kafeje Monochrome"},"content":{"rendered":"","protected":false},"excerpt":{"rendered":"<div class=\"woocommerce-product-details__short-description\">\n<div class=\"woocommerce-product-details__short-description\">\n<div class=\"woocommerce-product-details__short-description\">\n<div class=\"woocommerce-product-details__short-description\">\n<p>Seti i filxhan\u00ebve t\u00eb kaf\u00ebs, Monochrome, ka nj\u00eb dizajn modern, konturuar me forma vijash minimale n\u00eb pjes\u00ebn e sip\u00ebrme t\u00eb filxhanit, nd\u00ebrsa ka prezenc\u00eb t\u00eb ngjyr\u00ebs s\u00eb art\u00eb n\u00eb veg\u00ebz. Shijoni koh\u00ebn tuaj me stil.<\/p>\n<p><strong>Dimensioni \/ Kompozicioni:<\/strong> 120ml; Seti ka 12 pjes\u00eb: 6x filxhan\u00eb, 6x pjat\u00ebza<\/p>\n<p><strong>NGJYRA:<\/strong> Bardh\u00eb dhe zi<\/p>\n<p><strong>MATERIALI:<\/strong> Porcelan<\/p>\n<p><strong>UDH\u00cbZIMET E P\u00cbRDORIMIT:<\/strong> T\u00eb pastrohet me dor\u00eb<\/p>\n<p><strong>KUSHTET E KTHIMIT \/ GARANCION:<\/strong> P\u00ebr k\u00ebt\u00eb produkt pranohet reklamacion brenda 24 or\u00ebve pasi t\u00eb pranoni porosin\u00eb.<\/p>\n<p style=\"text-align: left;\"><span style=\"color: #ffffff;\">3907489280015<\/span><\/p>\n<\/div>\n<p class=\"price\" style=\"text-align: left;\">\n<\/div>\n<\/div>\n<\/div>\n","protected":false},"featured_media":84800,"template":"","meta":[],"product_cat":[62,55,57],"product_tag":[],"_links":{"self":[{"href":"https:\/\/www.comoditahome.com\/al\/wp-json\/wp\/v2\/product\/84791"}],"collection":[{"href":"https:\/\/www.comoditahome.com\/al\/wp-json\/wp\/v2\/product"}],"about":[{"href":"https:\/\/www.comoditahome.com\/al\/wp-json\/wp\/v2\/types\/product"}],"version-history":[{"count":2,"href":"https:\/\/www.comoditahome.com\/al\/wp-json\/wp\/v2\/product\/84791\/revisions"}],"predecessor-version":[{"id":84793,"href":"https:\/\/www.comoditahome.com\/al\/wp-json\/wp\/v2\/product\/84791\/revisions\/84793"}],"wp:featuredmedia":[{"embeddable":true,"href":"https:\/\/www.comoditahome.com\/al\/wp-json\/wp\/v2\/media\/84800"}],"wp:attachment":[{"href":"https:\/\/www.comoditahome.com\/al\/wp-json\/wp\/v2\/media?parent=84791"}],"wp:term":[{"taxonomy":"product_cat","embeddable":true,"href":"https:\/\/www.comoditahome.com\/al\/wp-json\/wp\/v2\/product_cat?post=84791"},{"taxonomy":"product_tag","embeddable":true,"href":"https:\/\/www.comoditahome.com\/al\/wp-json\/wp\/v2\/product_tag?post=84791"}],"curies":[{"name":"wp","href":"https:\/\/api.w.org\/{rel}","templated":true}]}}