 {"id":84794,"date":"2025-04-07T13:36:30","date_gmt":"2025-04-07T11:36:30","guid":{"rendered":"https:\/\/www.comoditahome.com\/al\/?post_type=product&#038;p=84794"},"modified":"2026-04-23T09:00:55","modified_gmt":"2026-04-23T07:00:55","slug":"set-pjash-deserti-monochrome-lines","status":"publish","type":"product","link":"https:\/\/www.comoditahome.com\/al\/product\/set-pjash-deserti-monochrome-lines\/","title":{"rendered":"Set pjash deserti Monochrome Lines"},"content":{"rendered":"","protected":false},"excerpt":{"rendered":"<p style=\"text-align: left;\">Seti i pjatave t\u00eb desertit Monochrome Lines, ve\u00e7ohet p\u00ebr form\u00ebn me k\u00ebnde t\u00eb dizajnuara n\u00eb stil unik, n\u00eb nj\u00eb simetri t\u00eb p\u00ebrkryer. Secila nga pjatat reflektohet nga bardh\u00ebsia e porcelanit dhe detajet e konturuara me kujdes mbi t\u00eb, ku secili dizajn i pjatave b\u00ebn q\u00eb t\u00eb shijohet deserti n\u00eb nj\u00eb dimension tjet\u00ebr.<\/p>\n<p style=\"text-align: left;\">Dimensioni \/ Kompozicioni: Seti ka 6 pjata<\/p>\n<p style=\"text-align: left;\">NGJYRA: Bardh\u00eb dhe zi<\/p>\n<p style=\"text-align: left;\">MATERIALI: Porcelan<\/p>\n<p style=\"text-align: left;\">UDH\u00cbZIMET E P\u00cbRDORIMIT: T\u00eb pastrohet me dor\u00eb<\/p>\n<p style=\"text-align: left;\">KUSHTET E KTHIMIT \/ GARANCION: P\u00ebr k\u00ebt\u00eb produkt pranohet reklamacion brenda 24 or\u00ebve pasi t\u00eb pranoni porosin\u00eb.<\/p>\n<p style=\"text-align: left;\"><span style=\"color: #ffffff;\">3907489280039<\/span><\/p>\n","protected":false},"featured_media":84795,"template":"","meta":[],"product_cat":[55,63,57],"product_tag":[],"_links":{"self":[{"href":"https:\/\/www.comoditahome.com\/al\/wp-json\/wp\/v2\/product\/84794"}],"collection":[{"href":"https:\/\/www.comoditahome.com\/al\/wp-json\/wp\/v2\/product"}],"about":[{"href":"https:\/\/www.comoditahome.com\/al\/wp-json\/wp\/v2\/types\/product"}],"version-history":[{"count":2,"href":"https:\/\/www.comoditahome.com\/al\/wp-json\/wp\/v2\/product\/84794\/revisions"}],"predecessor-version":[{"id":84799,"href":"https:\/\/www.comoditahome.com\/al\/wp-json\/wp\/v2\/product\/84794\/revisions\/84799"}],"wp:featuredmedia":[{"embeddable":true,"href":"https:\/\/www.comoditahome.com\/al\/wp-json\/wp\/v2\/media\/84795"}],"wp:attachment":[{"href":"https:\/\/www.comoditahome.com\/al\/wp-json\/wp\/v2\/media?parent=84794"}],"wp:term":[{"taxonomy":"product_cat","embeddable":true,"href":"https:\/\/www.comoditahome.com\/al\/wp-json\/wp\/v2\/product_cat?post=84794"},{"taxonomy":"product_tag","embeddable":true,"href":"https:\/\/www.comoditahome.com\/al\/wp-json\/wp\/v2\/product_tag?post=84794"}],"curies":[{"name":"wp","href":"https:\/\/api.w.org\/{rel}","templated":true}]}}