 {"id":84825,"date":"2025-04-09T13:52:12","date_gmt":"2025-04-09T11:52:12","guid":{"rendered":"https:\/\/www.comoditahome.com\/al\/?post_type=product&#038;p=84825"},"modified":"2026-05-05T04:49:37","modified_gmt":"2026-05-05T02:49:37","slug":"jastek-tencel-ergonomik","status":"publish","type":"product","link":"https:\/\/www.comoditahome.com\/al\/product\/jastek-tencel-ergonomik\/","title":{"rendered":"Jast\u00ebk Tencel Ergonomik"},"content":{"rendered":"","protected":false},"excerpt":{"rendered":"<p>Jast\u00ebku tencel Anatomik i dizajnuar q\u00eb t\u00eb siguroj\u00eb gjum\u00eb t\u00eb rehatsh\u00ebm gjat\u00eb gjith\u00eb nat\u00ebs, i p\u00ebrshtatsh\u00ebm p\u00ebr t\u00eb gjitha pozitat. I p\u00ebrb\u00ebr\u00eb nga shkuma memorike e cil\u00ebsie s\u00eb lart\u00eb n\u00eb form\u00ebn ergonomike. Ka mb\u00ebshtjell\u00ebsin q\u00eb mund t\u00eb hiqet dhe t\u00eb lahet. P\u00ebrb\u00ebhet nga fibrat tencel,t\u00eb cilat mund\u00ebsojn\u00eb nj\u00eb pushim qet\u00ebsues dhe freski gjat\u00eb gjith\u00eb nat\u00ebs.<\/p>\n<p><strong>Dimensioni \/ Kompozicioni:<\/strong> 60x40x12\/10cm<\/p>\n<p><strong>NGJYRA:<\/strong> I bardh\u00eb<\/p>\n<p><strong>MATERIALI:<\/strong> Fibrat Tencel<\/p>\n<p><strong>UDH\u00cbZIMET E P\u00cbRDORIMIT:<\/strong> Jast\u00ebku nuk pastrohet, vet\u00ebm ajroset.<\/p>\n<p><strong>KUSHTET E KTHIMIT \/ GARANCION:<\/strong> P\u00ebr shkak t\u00eb kontaktit me higjien\u00eb personale, p\u00ebr produktet e tekstilit nuk pranohen kthime apo reklamacione.<\/p>\n<p>&nbsp;<\/p>\n<p style=\"text-align: left;\"><span style=\"color: #ffffff;\">5310233004658<\/span><\/p>\n","protected":false},"featured_media":84826,"template":"","meta":[],"product_cat":[199,51,76],"product_tag":[],"_links":{"self":[{"href":"https:\/\/www.comoditahome.com\/al\/wp-json\/wp\/v2\/product\/84825"}],"collection":[{"href":"https:\/\/www.comoditahome.com\/al\/wp-json\/wp\/v2\/product"}],"about":[{"href":"https:\/\/www.comoditahome.com\/al\/wp-json\/wp\/v2\/types\/product"}],"version-history":[{"count":1,"href":"https:\/\/www.comoditahome.com\/al\/wp-json\/wp\/v2\/product\/84825\/revisions"}],"predecessor-version":[{"id":84831,"href":"https:\/\/www.comoditahome.com\/al\/wp-json\/wp\/v2\/product\/84825\/revisions\/84831"}],"wp:featuredmedia":[{"embeddable":true,"href":"https:\/\/www.comoditahome.com\/al\/wp-json\/wp\/v2\/media\/84826"}],"wp:attachment":[{"href":"https:\/\/www.comoditahome.com\/al\/wp-json\/wp\/v2\/media?parent=84825"}],"wp:term":[{"taxonomy":"product_cat","embeddable":true,"href":"https:\/\/www.comoditahome.com\/al\/wp-json\/wp\/v2\/product_cat?post=84825"},{"taxonomy":"product_tag","embeddable":true,"href":"https:\/\/www.comoditahome.com\/al\/wp-json\/wp\/v2\/product_tag?post=84825"}],"curies":[{"name":"wp","href":"https:\/\/api.w.org\/{rel}","templated":true}]}}