 {"id":85298,"date":"2025-05-13T13:28:59","date_gmt":"2025-05-13T11:28:59","guid":{"rendered":"https:\/\/www.comoditahome.com\/al\/?post_type=product&#038;p=85298"},"modified":"2026-04-29T15:37:07","modified_gmt":"2026-04-29T13:37:07","slug":"set-mbulese-shtrati-greek-velvet-per-dy-persona-kopje","status":"publish","type":"product","link":"https:\/\/www.comoditahome.com\/al\/product\/set-mbulese-shtrati-greek-velvet-per-dy-persona-kopje\/","title":{"rendered":"Set mbules\u00eb shtrati Greek Velvet p\u00ebr dy persona"},"content":{"rendered":"","protected":false},"excerpt":{"rendered":"<p style=\"text-align: left;\">Shtoni nj\u00eb prekje elegance dhe luks n\u00eb dhom\u00ebn tuaj me setin e mbules\u00ebs \u201cGreek Velvet\u201d. I punuar nga material i but\u00eb velvet me shk\u00eblqim t\u00eb leht\u00eb dhe tekstur\u00eb t\u00eb pasur, ky set transformon krevatin n\u00eb nj\u00eb ambient t\u00eb ngroht\u00eb dhe t\u00eb sofistikuar.<br \/>\nDimensioni \/ Kompozicioni: Set me 3 pjes\u00eb: 1x mbules\u00eb shtrati 220x240cm, 2x k\u00ebll\u00ebf jast\u00ebku 50x70cm<br \/>\nNGJYRA: Hiri<br \/>\nMATERIALI: Mb\u00ebshtjell\u00ebsi: Velvet grek\/ Mbushja:100% Poliester<br \/>\nUDH\u00cbZIMET E P\u00cbRDORIMIT: N\u00eb makin\u00eb lar\u00ebse 30\u00b0C<br \/>\nKUSHTET E KTHIMIT \/ GARANCION: P\u00ebr shkak t\u00eb kontaktit me higjien\u00eb personale, p\u00ebr produktet e tekstilit nuk pranohen kthime apo reklamacione.<\/p>\n<p><span style=\"color: #ffffff;\">3907489384685<\/span><\/p>\n","protected":false},"featured_media":85299,"template":"","meta":[],"product_cat":[15,51,102],"product_tag":[],"_links":{"self":[{"href":"https:\/\/www.comoditahome.com\/al\/wp-json\/wp\/v2\/product\/85298"}],"collection":[{"href":"https:\/\/www.comoditahome.com\/al\/wp-json\/wp\/v2\/product"}],"about":[{"href":"https:\/\/www.comoditahome.com\/al\/wp-json\/wp\/v2\/types\/product"}],"version-history":[{"count":5,"href":"https:\/\/www.comoditahome.com\/al\/wp-json\/wp\/v2\/product\/85298\/revisions"}],"predecessor-version":[{"id":85339,"href":"https:\/\/www.comoditahome.com\/al\/wp-json\/wp\/v2\/product\/85298\/revisions\/85339"}],"wp:featuredmedia":[{"embeddable":true,"href":"https:\/\/www.comoditahome.com\/al\/wp-json\/wp\/v2\/media\/85299"}],"wp:attachment":[{"href":"https:\/\/www.comoditahome.com\/al\/wp-json\/wp\/v2\/media?parent=85298"}],"wp:term":[{"taxonomy":"product_cat","embeddable":true,"href":"https:\/\/www.comoditahome.com\/al\/wp-json\/wp\/v2\/product_cat?post=85298"},{"taxonomy":"product_tag","embeddable":true,"href":"https:\/\/www.comoditahome.com\/al\/wp-json\/wp\/v2\/product_tag?post=85298"}],"curies":[{"name":"wp","href":"https:\/\/api.w.org\/{rel}","templated":true}]}}