 {"id":85304,"date":"2025-05-13T13:31:10","date_gmt":"2025-05-13T11:31:10","guid":{"rendered":"https:\/\/www.comoditahome.com\/al\/?post_type=product&#038;p=85304"},"modified":"2026-04-09T11:55:23","modified_gmt":"2026-04-09T09:55:23","slug":"set-mbulese-shtrati-greek-velvet-per-dy-persona-grey","status":"publish","type":"product","link":"https:\/\/www.comoditahome.com\/al\/product\/set-mbulese-shtrati-greek-velvet-per-dy-persona-grey\/","title":{"rendered":"Set mbules\u00eb shtrati Greek Velvet p\u00ebr dy persona"},"content":{"rendered":"","protected":false},"excerpt":{"rendered":"<p style=\"text-align: left;\">Shtoni nj\u00eb prekje elegance dhe luks n\u00eb dhom\u00ebn tuaj me setin e mbules\u00ebs \u201cGreek Velvet\u201d. I punuar nga material i but\u00eb velvet me shk\u00eblqim t\u00eb leht\u00eb dhe tekstur\u00eb t\u00eb pasur, ky set transformon krevatin n\u00eb nj\u00eb ambient t\u00eb ngroht\u00eb dhe t\u00eb sofistikuar. Ngjyra gri e err\u00ebt sjell nj\u00eb ndjesi qet\u00ebsuese dhe moderne, duke u p\u00ebrshtatur n\u00eb m\u00ebnyr\u00eb t\u00eb p\u00ebrkryer me \u00e7do stil interieri.<br \/>\nDimensioni \/ Kompozicioni: Set me 3 pjes\u00eb: 1x mbules\u00eb shtrati 220x240cm, 2x k\u00ebll\u00ebf jast\u00ebku 50x70cm<br \/>\nNGJYRA: Hiri e mbyllt\u00eb<br \/>\nMATERIALI: Mb\u00ebshtjell\u00ebsi: Velvet grek\/ Mbushja:100% Poliester<br \/>\nUDH\u00cbZIMET E P\u00cbRDORIMIT: N\u00eb makin\u00eb lar\u00ebse 30\u00b0C<br \/>\nKUSHTET E KTHIMIT \/ GARANCION: P\u00ebr shkak t\u00eb kontaktit me higjien\u00eb personale, p\u00ebr produktet e tekstilit nuk pranohen kthime apo reklamacione.<\/p>\n<p><span style=\"color: #ffffff;\">3907489384692<\/span><\/p>\n","protected":false},"featured_media":85305,"template":"","meta":[],"product_cat":[15,51,102],"product_tag":[],"_links":{"self":[{"href":"https:\/\/www.comoditahome.com\/al\/wp-json\/wp\/v2\/product\/85304"}],"collection":[{"href":"https:\/\/www.comoditahome.com\/al\/wp-json\/wp\/v2\/product"}],"about":[{"href":"https:\/\/www.comoditahome.com\/al\/wp-json\/wp\/v2\/types\/product"}],"version-history":[{"count":3,"href":"https:\/\/www.comoditahome.com\/al\/wp-json\/wp\/v2\/product\/85304\/revisions"}],"predecessor-version":[{"id":85337,"href":"https:\/\/www.comoditahome.com\/al\/wp-json\/wp\/v2\/product\/85304\/revisions\/85337"}],"wp:featuredmedia":[{"embeddable":true,"href":"https:\/\/www.comoditahome.com\/al\/wp-json\/wp\/v2\/media\/85305"}],"wp:attachment":[{"href":"https:\/\/www.comoditahome.com\/al\/wp-json\/wp\/v2\/media?parent=85304"}],"wp:term":[{"taxonomy":"product_cat","embeddable":true,"href":"https:\/\/www.comoditahome.com\/al\/wp-json\/wp\/v2\/product_cat?post=85304"},{"taxonomy":"product_tag","embeddable":true,"href":"https:\/\/www.comoditahome.com\/al\/wp-json\/wp\/v2\/product_tag?post=85304"}],"curies":[{"name":"wp","href":"https:\/\/api.w.org\/{rel}","templated":true}]}}