 {"id":85330,"date":"2024-05-13T13:49:56","date_gmt":"2024-05-13T11:49:56","guid":{"rendered":"https:\/\/www.comoditahome.com\/al\/?post_type=product&#038;p=85330"},"modified":"2026-05-07T09:34:35","modified_gmt":"2026-05-07T07:34:35","slug":"set-mbulese-shtrati-shinny-velvet-per-dy-persona-3","status":"publish","type":"product","link":"https:\/\/www.comoditahome.com\/al\/product\/set-mbulese-shtrati-shinny-velvet-per-dy-persona-3\/","title":{"rendered":"Set mbules\u00eb shtrati Shinny Velvet p\u00ebr dy persona"},"content":{"rendered":"","protected":false},"excerpt":{"rendered":"<p style=\"text-align: left;\">P\u00ebrjetoni ndjesin\u00eb e luksit t\u00eb but\u00eb n\u00eb dhom\u00ebn tuaj t\u00eb gjumit me setin m\u00eb t\u00eb ri t\u00eb mbules\u00ebs nga koleksioni \u201cShinny Velvet\u201d. Me tekstur\u00eb t\u00eb but\u00eb kadifeje dhe dizajn modern me vija t\u00eb relievuara, ky set sjell nj\u00eb ndjesi t\u00eb ngroht\u00eb, t\u00eb sofistikuar dhe mikprit\u00ebse n\u00eb \u00e7do ambient.<\/p>\n<p style=\"text-align: left;\">Dimensioni \/ Kompozicioni: Set me 3 pjes\u00eb: 1x mbules\u00eb shtrati 220x240cm, 2x k\u00ebll\u00ebf jast\u00ebku 50x70cm<br \/>\nNGJYRA: E kaft\u00eb<br \/>\nMATERIALI: Mb\u00ebshtjell\u00ebsi: Velvet\/ Mbushja:100% Poliester<br \/>\nUDH\u00cbZIMET E P\u00cbRDORIMIT: N\u00eb makin\u00eb lar\u00ebse 30\u00b0C<br \/>\nKUSHTET E KTHIMIT \/ GARANCION: P\u00ebr shkak t\u00eb kontaktit me higjien\u00eb personale, p\u00ebr produktet e tekstilit nuk pranohen kthime apo reklamacione.<\/p>\n<p style=\"text-align: left;\"><span style=\"color: #ffffff;\">3907489384722<\/span><\/p>\n","protected":false},"featured_media":85331,"template":"","meta":[],"product_cat":[51,102],"product_tag":[],"_links":{"self":[{"href":"https:\/\/www.comoditahome.com\/al\/wp-json\/wp\/v2\/product\/85330"}],"collection":[{"href":"https:\/\/www.comoditahome.com\/al\/wp-json\/wp\/v2\/product"}],"about":[{"href":"https:\/\/www.comoditahome.com\/al\/wp-json\/wp\/v2\/types\/product"}],"version-history":[{"count":3,"href":"https:\/\/www.comoditahome.com\/al\/wp-json\/wp\/v2\/product\/85330\/revisions"}],"predecessor-version":[{"id":87775,"href":"https:\/\/www.comoditahome.com\/al\/wp-json\/wp\/v2\/product\/85330\/revisions\/87775"}],"wp:featuredmedia":[{"embeddable":true,"href":"https:\/\/www.comoditahome.com\/al\/wp-json\/wp\/v2\/media\/85331"}],"wp:attachment":[{"href":"https:\/\/www.comoditahome.com\/al\/wp-json\/wp\/v2\/media?parent=85330"}],"wp:term":[{"taxonomy":"product_cat","embeddable":true,"href":"https:\/\/www.comoditahome.com\/al\/wp-json\/wp\/v2\/product_cat?post=85330"},{"taxonomy":"product_tag","embeddable":true,"href":"https:\/\/www.comoditahome.com\/al\/wp-json\/wp\/v2\/product_tag?post=85330"}],"curies":[{"name":"wp","href":"https:\/\/api.w.org\/{rel}","templated":true}]}}