 {"id":85545,"date":"2025-05-29T09:31:55","date_gmt":"2025-05-29T07:31:55","guid":{"rendered":"https:\/\/www.comoditahome.com\/al\/?post_type=product&#038;p=85545"},"modified":"2026-03-28T20:42:46","modified_gmt":"2026-03-28T18:42:46","slug":"set-carcafesh-diara-per-nje-person","status":"publish","type":"product","link":"https:\/\/www.comoditahome.com\/al\/product\/set-carcafesh-diara-per-nje-person\/","title":{"rendered":"Set \u00e7ar\u00e7af\u00ebsh Diara p\u00ebr nj\u00eb person"},"content":{"rendered":"","protected":false},"excerpt":{"rendered":"<p style=\"text-align: left;\">P\u00ebr nj\u00eb pamje moderne zgjidhni k\u00ebt\u00eb set \u00e7ar\u00e7af\u00ebsh Diara. Me material t\u00eb but\u00eb, ky set do t\u00eb sjell\u00eb nj\u00eb frym\u00eb t\u00eb re n\u00eb dhom\u00ebn tuaj t\u00eb gjumit.<br \/>\nDimensioni \/ Kompozicioni: Set me 3 pjes\u00eb: 1x k\u00ebll\u00ebf jorgani 160x220cm, 1x \u00e7ar\u00e7af i dyshekut 160x240cm, 1x k\u00ebll\u00ebf jast\u00ebku 50x70cm<br \/>\nNGJYRA: Design<br \/>\nMATERIALI: 100% Pambuk<br \/>\nUDH\u00cbZIMET E P\u00cbRDORIMIT: N\u00eb makin\u00eb lar\u00ebse 30\u00b0C<br \/>\nKUSHTET E KTHIMIT \/ GARANCI: P\u00ebr shkak t\u00eb kontaktit me higjien\u00eb personale, p\u00ebr produktet e tekstilit nuk pranohen kthime apo reklamacione.<\/p>\n<p><span style=\"color: #ffffff;\">3907489384210 qarshaf qarshafa carshafa carshaf<\/span><\/p>\n","protected":false},"featured_media":85546,"template":"","meta":[],"product_cat":[15,51,52],"product_tag":[],"_links":{"self":[{"href":"https:\/\/www.comoditahome.com\/al\/wp-json\/wp\/v2\/product\/85545"}],"collection":[{"href":"https:\/\/www.comoditahome.com\/al\/wp-json\/wp\/v2\/product"}],"about":[{"href":"https:\/\/www.comoditahome.com\/al\/wp-json\/wp\/v2\/types\/product"}],"version-history":[{"count":3,"href":"https:\/\/www.comoditahome.com\/al\/wp-json\/wp\/v2\/product\/85545\/revisions"}],"predecessor-version":[{"id":88500,"href":"https:\/\/www.comoditahome.com\/al\/wp-json\/wp\/v2\/product\/85545\/revisions\/88500"}],"wp:featuredmedia":[{"embeddable":true,"href":"https:\/\/www.comoditahome.com\/al\/wp-json\/wp\/v2\/media\/85546"}],"wp:attachment":[{"href":"https:\/\/www.comoditahome.com\/al\/wp-json\/wp\/v2\/media?parent=85545"}],"wp:term":[{"taxonomy":"product_cat","embeddable":true,"href":"https:\/\/www.comoditahome.com\/al\/wp-json\/wp\/v2\/product_cat?post=85545"},{"taxonomy":"product_tag","embeddable":true,"href":"https:\/\/www.comoditahome.com\/al\/wp-json\/wp\/v2\/product_tag?post=85545"}],"curies":[{"name":"wp","href":"https:\/\/api.w.org\/{rel}","templated":true}]}}