 {"id":85709,"date":"2025-06-05T12:36:28","date_gmt":"2025-06-05T10:36:28","guid":{"rendered":"https:\/\/www.comoditahome.com\/al\/?post_type=product&#038;p=85709"},"modified":"2026-04-23T09:00:55","modified_gmt":"2026-04-23T07:00:55","slug":"set-pjatash-moon-flower","status":"publish","type":"product","link":"https:\/\/www.comoditahome.com\/al\/product\/set-pjatash-moon-flower\/","title":{"rendered":"Set Pjatash Moon Flower"},"content":{"rendered":"<p style=\"text-align: left;\">Shtoni eleganc\u00eb dhe ngjyra n\u00eb tryez\u00ebn tuaj me setin ekskluziv t\u00eb pjatave \u201cMoonflower\u201d.<br \/>\nKy set prej 24 pjes\u00ebsh kombinon bukurin\u00eb e dizajnit tradicional me nj\u00eb ndjesi moderne,<br \/>\nduke sjell\u00eb nj\u00eb atmosfer\u00eb t\u00eb ngroht\u00eb dhe mikprit\u00ebse n\u00eb \u00e7do vakt.<\/p>\n","protected":false},"excerpt":{"rendered":"<p style=\"text-align: left;\">Shtoni eleganc\u00eb dhe ngjyra n\u00eb tryez\u00ebn tuaj me setin ekskluziv t\u00eb pjatave \u201cMoonflower\u201d. Ky set prej 24 pjes\u00ebsh kombinon bukurin\u00eb e dizajnit tradicional me nj\u00eb ndjesi moderne, duke sjell\u00eb nj\u00eb atmosfer\u00eb t\u00eb ngroht\u00eb dhe mikprit\u00ebse n\u00eb \u00e7do vakt.<\/p>\n<p style=\"text-align: left;\">Dimensioni \/ Kompozicioni: Seti ka 24 pjes\u00eb: 6x pjata p\u00ebr ushqim, 6x pjata p\u00ebr sup\u00eb, 6x pjata p\u00ebr desert, 6 p\u00ebr sallat\u00eb<\/p>\n<p style=\"text-align: left;\">NGJYRA: Me dizajn<\/p>\n<p style=\"text-align: left;\">MATERIALI: Porcelan<\/p>\n<p style=\"text-align: left;\">UDH\u00cbZIMET E P\u00cbRDORIMIT: T\u00eb pastrohen me dor\u00eb<\/p>\n<p style=\"text-align: left;\">KUSHTET E KTHIMIT \/ GARANCION: P\u00ebr k\u00ebt\u00eb produkt pranohet reklamacion brenda 24 or\u00ebve pasi t\u00eb pranoni porosin\u00eb.<\/p>\n<p style=\"text-align: left;\"><span style=\"color: #ffffff;\">3905710920310<\/span><\/p>\n","protected":false},"featured_media":85719,"template":"","meta":[],"product_cat":[63,57],"product_tag":[],"_links":{"self":[{"href":"https:\/\/www.comoditahome.com\/al\/wp-json\/wp\/v2\/product\/85709"}],"collection":[{"href":"https:\/\/www.comoditahome.com\/al\/wp-json\/wp\/v2\/product"}],"about":[{"href":"https:\/\/www.comoditahome.com\/al\/wp-json\/wp\/v2\/types\/product"}],"version-history":[{"count":3,"href":"https:\/\/www.comoditahome.com\/al\/wp-json\/wp\/v2\/product\/85709\/revisions"}],"predecessor-version":[{"id":85717,"href":"https:\/\/www.comoditahome.com\/al\/wp-json\/wp\/v2\/product\/85709\/revisions\/85717"}],"wp:featuredmedia":[{"embeddable":true,"href":"https:\/\/www.comoditahome.com\/al\/wp-json\/wp\/v2\/media\/85719"}],"wp:attachment":[{"href":"https:\/\/www.comoditahome.com\/al\/wp-json\/wp\/v2\/media?parent=85709"}],"wp:term":[{"taxonomy":"product_cat","embeddable":true,"href":"https:\/\/www.comoditahome.com\/al\/wp-json\/wp\/v2\/product_cat?post=85709"},{"taxonomy":"product_tag","embeddable":true,"href":"https:\/\/www.comoditahome.com\/al\/wp-json\/wp\/v2\/product_tag?post=85709"}],"curies":[{"name":"wp","href":"https:\/\/api.w.org\/{rel}","templated":true}]}}