 {"id":85958,"date":"2025-07-02T08:52:28","date_gmt":"2025-07-02T06:52:28","guid":{"rendered":"https:\/\/www.comoditahome.com\/al\/?post_type=product&#038;p=85958"},"modified":"2026-04-23T09:00:55","modified_gmt":"2026-04-23T07:00:55","slug":"set-pjatash-per-embelsire-wild-flower","status":"publish","type":"product","link":"https:\/\/www.comoditahome.com\/al\/product\/set-pjatash-per-embelsire-wild-flower\/","title":{"rendered":"Set Pjatash P\u00ebr \u00cbmb\u00eblsir\u00eb Wild Flower"},"content":{"rendered":"","protected":false},"excerpt":{"rendered":"<p style=\"text-align: left;\">Zbukuroni tryez\u00ebn tuaj me setin elegant t\u00eb pjatave p\u00ebr \u00ebmb\u00eblsira \u201dWild Flower\u201d, t\u00eb dekoruara me motive lulesh shum\u00ebngjyr\u00ebshe dhe nj\u00eb bordur\u00eb roz\u00eb t\u00eb ve\u00e7ant\u00eb me pika t\u00eb bardha. Ideale p\u00ebr sh\u00ebrbimin e \u00ebmb\u00eblsirave, frutave apo antipastave n\u00eb \u00e7do rast t\u00eb ve\u00e7ant\u00eb. Ky set sjell nj\u00eb frym\u00eb pranverore dhe freski n\u00eb \u00e7do ambient.<br \/>\n<strong>Dimensioni \/ Kompozicioni:<\/strong> Seti ka 6 pjes\u00eb<br \/>\n<strong>NGJYRA:<\/strong> Me dizajn<br \/>\n<strong>MATERIALI:<\/strong> Porcelan<br \/>\n<strong>UDH\u00cbZIMET E P\u00cbRDORIMIT:<\/strong> T\u00eb pastrohet me dor\u00eb<br \/>\n<strong>KUSHTET E KTHIMIT \/ GARANCION:<\/strong> P\u00ebr k\u00ebt\u00eb produkt pranohet reklamacion brenda 24 or\u00ebve pasi t\u00eb pranoni porosin\u00eb.<\/p>\n<p style=\"text-align: left;\"><span style=\"color: #ffffff;\">3905710920198<\/span><\/p>\n","protected":false},"featured_media":85959,"template":"","meta":[],"product_cat":[55,63,57],"product_tag":[],"_links":{"self":[{"href":"https:\/\/www.comoditahome.com\/al\/wp-json\/wp\/v2\/product\/85958"}],"collection":[{"href":"https:\/\/www.comoditahome.com\/al\/wp-json\/wp\/v2\/product"}],"about":[{"href":"https:\/\/www.comoditahome.com\/al\/wp-json\/wp\/v2\/types\/product"}],"version-history":[{"count":3,"href":"https:\/\/www.comoditahome.com\/al\/wp-json\/wp\/v2\/product\/85958\/revisions"}],"predecessor-version":[{"id":85978,"href":"https:\/\/www.comoditahome.com\/al\/wp-json\/wp\/v2\/product\/85958\/revisions\/85978"}],"wp:featuredmedia":[{"embeddable":true,"href":"https:\/\/www.comoditahome.com\/al\/wp-json\/wp\/v2\/media\/85959"}],"wp:attachment":[{"href":"https:\/\/www.comoditahome.com\/al\/wp-json\/wp\/v2\/media?parent=85958"}],"wp:term":[{"taxonomy":"product_cat","embeddable":true,"href":"https:\/\/www.comoditahome.com\/al\/wp-json\/wp\/v2\/product_cat?post=85958"},{"taxonomy":"product_tag","embeddable":true,"href":"https:\/\/www.comoditahome.com\/al\/wp-json\/wp\/v2\/product_tag?post=85958"}],"curies":[{"name":"wp","href":"https:\/\/api.w.org\/{rel}","templated":true}]}}