 {"id":85970,"date":"2025-07-02T08:55:29","date_gmt":"2025-07-02T06:55:29","guid":{"rendered":"https:\/\/www.comoditahome.com\/al\/?post_type=product&#038;p=85970"},"modified":"2026-05-07T09:34:35","modified_gmt":"2026-05-07T07:34:35","slug":"set-filxhanesh-caji-moon-flower","status":"publish","type":"product","link":"https:\/\/www.comoditahome.com\/al\/product\/set-filxhanesh-caji-moon-flower\/","title":{"rendered":"Set Filxhan\u00ebsh \u00c7aji Moon Flower"},"content":{"rendered":"","protected":false},"excerpt":{"rendered":"<p style=\"text-align: left;\">Sillni eleganc\u00eb dhe ngroht\u00ebsi n\u00eb \u00e7do \u00e7ast \u00e7aji me setin \u201cMoon Flower\u201d. Ky set i rafinuar p\u00ebrmban 6 filxhan\u00eb dhe 6 pjat\u00ebza, t\u00eb dekoruar me motive lulesh shum\u00ebngjyr\u00ebshe mbi sfond klasik me nuanca t\u00eb err\u00ebta, q\u00eb sjellin nj\u00eb kontrast mahnit\u00ebs dhe ndjesi luksoze.<br \/>\nDimensioni \/ Kompozicioni: Seti ka 12 pjes\u00eb: 6x filxhan\u00eb, 6x pjat\u00ebza<br \/>\nNGJYRA: Me dizajn<br \/>\nMATERIALI: Porcelan<br \/>\nUDH\u00cbZIMET E P\u00cbRDORIMIT: T\u00eb pastrohet me dor\u00eb<br \/>\nKUSHTET E KTHIMIT \/ GARANCION: P\u00ebr k\u00ebt\u00eb produkt pranohet reklamacion brenda 24 or\u00ebve pasi t\u00eb pranoni porosin\u00eb.<\/p>\n<p style=\"text-align: left;\"><span style=\"color: #ffffff;\">3905710920266<\/span><\/p>\n","protected":false},"featured_media":85971,"template":"","meta":[],"product_cat":[61,55,57],"product_tag":[],"_links":{"self":[{"href":"https:\/\/www.comoditahome.com\/al\/wp-json\/wp\/v2\/product\/85970"}],"collection":[{"href":"https:\/\/www.comoditahome.com\/al\/wp-json\/wp\/v2\/product"}],"about":[{"href":"https:\/\/www.comoditahome.com\/al\/wp-json\/wp\/v2\/types\/product"}],"version-history":[{"count":2,"href":"https:\/\/www.comoditahome.com\/al\/wp-json\/wp\/v2\/product\/85970\/revisions"}],"predecessor-version":[{"id":85977,"href":"https:\/\/www.comoditahome.com\/al\/wp-json\/wp\/v2\/product\/85970\/revisions\/85977"}],"wp:featuredmedia":[{"embeddable":true,"href":"https:\/\/www.comoditahome.com\/al\/wp-json\/wp\/v2\/media\/85971"}],"wp:attachment":[{"href":"https:\/\/www.comoditahome.com\/al\/wp-json\/wp\/v2\/media?parent=85970"}],"wp:term":[{"taxonomy":"product_cat","embeddable":true,"href":"https:\/\/www.comoditahome.com\/al\/wp-json\/wp\/v2\/product_cat?post=85970"},{"taxonomy":"product_tag","embeddable":true,"href":"https:\/\/www.comoditahome.com\/al\/wp-json\/wp\/v2\/product_tag?post=85970"}],"curies":[{"name":"wp","href":"https:\/\/api.w.org\/{rel}","templated":true}]}}