 {"id":86003,"date":"2025-07-02T09:13:45","date_gmt":"2025-07-02T07:13:45","guid":{"rendered":"https:\/\/www.comoditahome.com\/al\/?post_type=product&#038;p=86003"},"modified":"2026-04-23T09:00:56","modified_gmt":"2026-04-23T07:00:56","slug":"set-filxhanesh-per-kafe-wild-garden","status":"publish","type":"product","link":"https:\/\/www.comoditahome.com\/al\/product\/set-filxhanesh-per-kafe-wild-garden\/","title":{"rendered":"Set Filxhan\u00ebsh p\u00ebr Kafe Wild Garden"},"content":{"rendered":"","protected":false},"excerpt":{"rendered":"<div class=\"woocommerce-product-details__short-description\">\n<p style=\"text-align: left;\">Shijoni momente relaksi me setin elegant t\u00eb filxhan\u00ebve t\u00eb \u00e7aji prej porcelani, zbukuruar me motive t\u00eb luleve shum\u00ebngjyr\u00ebshe dhe detaje delikate n\u00eb roz\u00eb. Dizajni romantik dhe i rafinuar e b\u00ebn ideal p\u00ebr p\u00ebrdorim t\u00eb p\u00ebrditsh\u00ebm ose p\u00ebr raste t\u00eb ve\u00e7anta. Seti p\u00ebrfshin 6 filxhan\u00eb dhe 6 pjat\u00ebza t\u00eb kombinuara n\u00eb m\u00ebnyr\u00eb harmonike p\u00ebr nj\u00eb prezantim t\u00ebrheq\u00ebs.<br \/>\n<strong>Dimensioni \/ Kompozicioni:<\/strong> Seti ka 12 pjes\u00eb: 6x filxhan\u00eb, 6x pjat\u00ebza<br \/>\n<strong>NGJYRA:<\/strong> Me dizajn<br \/>\n<strong>MATERIALI:<\/strong> Porcelan<br \/>\n<strong>UDH\u00cbZIMET E P\u00cbRDORIMIT:<\/strong> T\u00eb pastrohet me dor\u00eb<br \/>\n<strong>KUSHTET E KTHIMIT \/ GARANCION:<\/strong> P\u00ebr k\u00ebt\u00eb produkt pranohet reklamacion brenda 24 or\u00ebve pasi t\u00eb pranoni porosin\u00eb.<\/p>\n<p style=\"text-align: left;\"><span style=\"color: #ffffff;\">3905710920242<\/span><\/p>\n<\/div>\n","protected":false},"featured_media":86004,"template":"","meta":[],"product_cat":[62,55,57],"product_tag":[],"_links":{"self":[{"href":"https:\/\/www.comoditahome.com\/al\/wp-json\/wp\/v2\/product\/86003"}],"collection":[{"href":"https:\/\/www.comoditahome.com\/al\/wp-json\/wp\/v2\/product"}],"about":[{"href":"https:\/\/www.comoditahome.com\/al\/wp-json\/wp\/v2\/types\/product"}],"version-history":[{"count":1,"href":"https:\/\/www.comoditahome.com\/al\/wp-json\/wp\/v2\/product\/86003\/revisions"}],"predecessor-version":[{"id":86009,"href":"https:\/\/www.comoditahome.com\/al\/wp-json\/wp\/v2\/product\/86003\/revisions\/86009"}],"wp:featuredmedia":[{"embeddable":true,"href":"https:\/\/www.comoditahome.com\/al\/wp-json\/wp\/v2\/media\/86004"}],"wp:attachment":[{"href":"https:\/\/www.comoditahome.com\/al\/wp-json\/wp\/v2\/media?parent=86003"}],"wp:term":[{"taxonomy":"product_cat","embeddable":true,"href":"https:\/\/www.comoditahome.com\/al\/wp-json\/wp\/v2\/product_cat?post=86003"},{"taxonomy":"product_tag","embeddable":true,"href":"https:\/\/www.comoditahome.com\/al\/wp-json\/wp\/v2\/product_tag?post=86003"}],"curies":[{"name":"wp","href":"https:\/\/api.w.org\/{rel}","templated":true}]}}