 {"id":86040,"date":"2022-07-02T09:25:53","date_gmt":"2022-07-02T07:25:53","guid":{"rendered":"https:\/\/www.comoditahome.com\/al\/?post_type=product&#038;p=86040"},"modified":"2026-04-23T09:00:57","modified_gmt":"2026-04-23T07:00:57","slug":"set-filxhanesh-kafeje-muse","status":"publish","type":"product","link":"https:\/\/www.comoditahome.com\/al\/product\/set-filxhanesh-kafeje-muse\/","title":{"rendered":"Set filxhan\u00ebsh kafeje Muse"},"content":{"rendered":"","protected":false},"excerpt":{"rendered":"<div class=\"woocommerce-product-details__short-description\">\n<p style=\"text-align: left;\">Seti i filxhan\u00ebve t\u00eb kaf\u00ebs Muse, vjen me nj\u00eb dizajn tejet artistik, t\u00eb konturuar me detaje speciale t\u00eb filxhanit q\u00eb kombinohet bukur me dizajnin e pjat\u00ebs.<\/p>\n<p style=\"text-align: left;\"><strong>Dimensioni \/ Kompozicioni:<\/strong> 120ml; Seti ka 12 pjes\u00eb: 6x filxhan\u00eb, 6x pjat\u00ebza<\/p>\n<p style=\"text-align: left;\"><strong>NGJYRA:<\/strong> Me dizajn<\/p>\n<p style=\"text-align: left;\"><strong>MATERIALI:<\/strong> Porcelan<\/p>\n<p style=\"text-align: left;\"><strong>UDH\u00cbZIMET E P\u00cbRDORIMIT:<\/strong> T\u00eb pastrohet me dor\u00eb<\/p>\n<p style=\"text-align: left;\"><strong>KUSHTET E KTHIMIT \/ GARANCION:<\/strong> P\u00ebr k\u00ebt\u00eb produkt pranohet reklamacion brenda 24 or\u00ebve pasi t\u00eb pranoni porosin\u00eb.<\/p>\n<\/div>\n<p style=\"text-align: left;\"><span style=\"color: #ffffff;\">3907489382630<\/span><\/p>\n","protected":false},"featured_media":86041,"template":"","meta":[],"product_cat":[62,55,57],"product_tag":[],"_links":{"self":[{"href":"https:\/\/www.comoditahome.com\/al\/wp-json\/wp\/v2\/product\/86040"}],"collection":[{"href":"https:\/\/www.comoditahome.com\/al\/wp-json\/wp\/v2\/product"}],"about":[{"href":"https:\/\/www.comoditahome.com\/al\/wp-json\/wp\/v2\/types\/product"}],"version-history":[{"count":3,"href":"https:\/\/www.comoditahome.com\/al\/wp-json\/wp\/v2\/product\/86040\/revisions"}],"predecessor-version":[{"id":86051,"href":"https:\/\/www.comoditahome.com\/al\/wp-json\/wp\/v2\/product\/86040\/revisions\/86051"}],"wp:featuredmedia":[{"embeddable":true,"href":"https:\/\/www.comoditahome.com\/al\/wp-json\/wp\/v2\/media\/86041"}],"wp:attachment":[{"href":"https:\/\/www.comoditahome.com\/al\/wp-json\/wp\/v2\/media?parent=86040"}],"wp:term":[{"taxonomy":"product_cat","embeddable":true,"href":"https:\/\/www.comoditahome.com\/al\/wp-json\/wp\/v2\/product_cat?post=86040"},{"taxonomy":"product_tag","embeddable":true,"href":"https:\/\/www.comoditahome.com\/al\/wp-json\/wp\/v2\/product_tag?post=86040"}],"curies":[{"name":"wp","href":"https:\/\/api.w.org\/{rel}","templated":true}]}}