 {"id":86072,"date":"2025-07-02T09:48:47","date_gmt":"2025-07-02T07:48:47","guid":{"rendered":"https:\/\/www.comoditahome.com\/al\/?post_type=product&#038;p=86072"},"modified":"2026-04-23T09:00:57","modified_gmt":"2026-04-23T07:00:57","slug":"set-gotash-per-lengje","status":"publish","type":"product","link":"https:\/\/www.comoditahome.com\/al\/product\/set-gotash-per-lengje\/","title":{"rendered":"Set gotash p\u00ebr l\u00ebngje"},"content":{"rendered":"","protected":false},"excerpt":{"rendered":"<div class=\"woocommerce-product-details__short-description\">\n<p style=\"text-align: left;\">Set i gotave p\u00ebr l\u00ebngje, vjen me 6 gota me nj\u00eb stil unik dhe tejet modern, me gravirim n\u00eb rrethin e sip\u00ebrm t\u00eb saj. Jan\u00eb t\u00eb p\u00ebrb\u00ebra nga materiali i qelqit t\u00eb past\u00ebr, q\u00eb njihet p\u00ebr q\u00ebndrueshm\u00ebri t\u00eb lart\u00eb ndaj thyerjes apo krisjes dhe pastrohen leht\u00ebsisht. L\u00ebngjet tuaja t\u00eb preferuara, lezeq\u00ebm pihen nga kjo got\u00eb.<\/p>\n<p style=\"text-align: left;\"><strong>Dimensioni \/ Kompozicioni:<\/strong> Seti ka 6 cop\u00eb dhe kapacitet 480ml<\/p>\n<p style=\"text-align: left;\"><strong>NGJYRA:<\/strong> Nuanca Mjalti<\/p>\n<p style=\"text-align: left;\"><strong>MATERIALI:<\/strong> Qelq<\/p>\n<p style=\"text-align: left;\"><strong>UDH\u00cbZIMET E P\u00cbRDORIMIT:<\/strong> T\u00eb pastrohet me Dor\u00eb<\/p>\n<p style=\"text-align: left;\"><strong>KUSHTET E KTHIMIT \/ GARANCION:<\/strong> P\u00ebr k\u00ebt\u00eb produkt pranohet reklamacion brenda 24 or\u00ebve pasi t\u00eb pranoni porosin\u00eb.<\/p>\n<p style=\"text-align: left;\"><span style=\"color: #ffffff;\">3907489370914<\/span><\/p>\n<\/div>\n","protected":false},"featured_media":86073,"template":"","meta":[],"product_cat":[95,57],"product_tag":[],"_links":{"self":[{"href":"https:\/\/www.comoditahome.com\/al\/wp-json\/wp\/v2\/product\/86072"}],"collection":[{"href":"https:\/\/www.comoditahome.com\/al\/wp-json\/wp\/v2\/product"}],"about":[{"href":"https:\/\/www.comoditahome.com\/al\/wp-json\/wp\/v2\/types\/product"}],"version-history":[{"count":2,"href":"https:\/\/www.comoditahome.com\/al\/wp-json\/wp\/v2\/product\/86072\/revisions"}],"predecessor-version":[{"id":86098,"href":"https:\/\/www.comoditahome.com\/al\/wp-json\/wp\/v2\/product\/86072\/revisions\/86098"}],"wp:featuredmedia":[{"embeddable":true,"href":"https:\/\/www.comoditahome.com\/al\/wp-json\/wp\/v2\/media\/86073"}],"wp:attachment":[{"href":"https:\/\/www.comoditahome.com\/al\/wp-json\/wp\/v2\/media?parent=86072"}],"wp:term":[{"taxonomy":"product_cat","embeddable":true,"href":"https:\/\/www.comoditahome.com\/al\/wp-json\/wp\/v2\/product_cat?post=86072"},{"taxonomy":"product_tag","embeddable":true,"href":"https:\/\/www.comoditahome.com\/al\/wp-json\/wp\/v2\/product_tag?post=86072"}],"curies":[{"name":"wp","href":"https:\/\/api.w.org\/{rel}","templated":true}]}}