 {"id":86077,"date":"2025-07-02T09:49:16","date_gmt":"2025-07-02T07:49:16","guid":{"rendered":"https:\/\/www.comoditahome.com\/al\/?post_type=product&#038;p=86077"},"modified":"2026-05-07T09:34:36","modified_gmt":"2026-05-07T07:34:36","slug":"set-gotash-per-margarita-mixology","status":"publish","type":"product","link":"https:\/\/www.comoditahome.com\/al\/product\/set-gotash-per-margarita-mixology\/","title":{"rendered":"Set gotash p\u00ebr Margarita Mixology"},"content":{"rendered":"","protected":false},"excerpt":{"rendered":"<div class=\"woocommerce-product-details__short-description\">\n<p style=\"text-align: left;\"><strong>Dimensioni \/ Kompozicioni:<\/strong> Seti ka 6 gota me v\u00ebllim 150ml.<\/p>\n<p style=\"text-align: left;\"><strong>NGJYRA:<\/strong> Transparente<\/p>\n<p style=\"text-align: left;\"><strong>MATERIALI:<\/strong> Xham<\/p>\n<p style=\"text-align: left;\"><strong>UDH\u00cbZIMET E P\u00cbRDORIMIT:<\/strong> T\u00eb pastrohet me Dor\u00eb<\/p>\n<p style=\"text-align: left;\"><strong>KUSHTET E KTHIMIT \/ GARANCION:<\/strong> P\u00ebr k\u00ebt\u00eb produkt pranohet reklamacion brenda 24 or\u00ebve pasi t\u00eb pranoni porosin\u00eb.<\/p>\n<\/div>\n<p style=\"text-align: left;\"><span style=\"color: #ffffff;\">5900345786254<\/span><\/p>\n","protected":false},"featured_media":86079,"template":"","meta":[],"product_cat":[95,57],"product_tag":[],"_links":{"self":[{"href":"https:\/\/www.comoditahome.com\/al\/wp-json\/wp\/v2\/product\/86077"}],"collection":[{"href":"https:\/\/www.comoditahome.com\/al\/wp-json\/wp\/v2\/product"}],"about":[{"href":"https:\/\/www.comoditahome.com\/al\/wp-json\/wp\/v2\/types\/product"}],"version-history":[{"count":3,"href":"https:\/\/www.comoditahome.com\/al\/wp-json\/wp\/v2\/product\/86077\/revisions"}],"predecessor-version":[{"id":86097,"href":"https:\/\/www.comoditahome.com\/al\/wp-json\/wp\/v2\/product\/86077\/revisions\/86097"}],"wp:featuredmedia":[{"embeddable":true,"href":"https:\/\/www.comoditahome.com\/al\/wp-json\/wp\/v2\/media\/86079"}],"wp:attachment":[{"href":"https:\/\/www.comoditahome.com\/al\/wp-json\/wp\/v2\/media?parent=86077"}],"wp:term":[{"taxonomy":"product_cat","embeddable":true,"href":"https:\/\/www.comoditahome.com\/al\/wp-json\/wp\/v2\/product_cat?post=86077"},{"taxonomy":"product_tag","embeddable":true,"href":"https:\/\/www.comoditahome.com\/al\/wp-json\/wp\/v2\/product_tag?post=86077"}],"curies":[{"name":"wp","href":"https:\/\/api.w.org\/{rel}","templated":true}]}}