 {"id":86083,"date":"2025-07-02T09:53:23","date_gmt":"2025-07-02T07:53:23","guid":{"rendered":"https:\/\/www.comoditahome.com\/al\/?post_type=product&#038;p=86083"},"modified":"2026-05-07T09:34:36","modified_gmt":"2026-05-07T07:34:36","slug":"tabak-sherbimi-6","status":"publish","type":"product","link":"https:\/\/www.comoditahome.com\/al\/product\/tabak-sherbimi-6\/","title":{"rendered":"Tabak sh\u00ebrbimi"},"content":{"rendered":"","protected":false},"excerpt":{"rendered":"<div class=\"woocommerce-product-details__short-description\">\n<p style=\"text-align: left;\">Ky tabak sh\u00ebrbimi ka sip\u00ebrfaqe t\u00eb punuar nga materiali i plastik\u00ebs dhe vjen me dy doreza alumini me ngjyr\u00eb ari. Sip\u00ebrfaqja e tabakut vjen e punuar me forma abstrakti shum\u00eb t\u00eb veqanta, gj\u00eb q\u00eb i jep kuzhin\u00ebs tuaj shum\u00eb stil dhe prezantimet tuaja i b\u00ebn unike.<\/p>\n<p style=\"text-align: left;\"><strong>Dimensioni \/ Kompozicioni:<\/strong> 46x31cm<\/p>\n<p style=\"text-align: left;\"><strong>NGJYRA:<\/strong> Me dizajn<\/p>\n<p style=\"text-align: left;\"><strong>MATERIALI:<\/strong> Plastik\u00eb, alumin<\/p>\n<p style=\"text-align: left;\"><strong>UDH\u00cbZIMET E P\u00cbRDORIMIT:<\/strong>\u00a0T\u00eb pastrohet me dor\u00eb<\/p>\n<p style=\"text-align: left;\"><strong>KUSHTET E KTHIMIT \/ GARANCION:<\/strong> P\u00ebr k\u00ebt\u00eb produkt pranohet reklamacion brenda 24 or\u00ebve pasi t\u00eb pranoni porosin\u00eb.<\/p>\n<p style=\"text-align: left;\"><span style=\"color: #ffffff;\">3907489370822<\/span><\/p>\n<\/div>\n","protected":false},"featured_media":86085,"template":"","meta":[],"product_cat":[55,60,57],"product_tag":[],"_links":{"self":[{"href":"https:\/\/www.comoditahome.com\/al\/wp-json\/wp\/v2\/product\/86083"}],"collection":[{"href":"https:\/\/www.comoditahome.com\/al\/wp-json\/wp\/v2\/product"}],"about":[{"href":"https:\/\/www.comoditahome.com\/al\/wp-json\/wp\/v2\/types\/product"}],"version-history":[{"count":3,"href":"https:\/\/www.comoditahome.com\/al\/wp-json\/wp\/v2\/product\/86083\/revisions"}],"predecessor-version":[{"id":86089,"href":"https:\/\/www.comoditahome.com\/al\/wp-json\/wp\/v2\/product\/86083\/revisions\/86089"}],"wp:featuredmedia":[{"embeddable":true,"href":"https:\/\/www.comoditahome.com\/al\/wp-json\/wp\/v2\/media\/86085"}],"wp:attachment":[{"href":"https:\/\/www.comoditahome.com\/al\/wp-json\/wp\/v2\/media?parent=86083"}],"wp:term":[{"taxonomy":"product_cat","embeddable":true,"href":"https:\/\/www.comoditahome.com\/al\/wp-json\/wp\/v2\/product_cat?post=86083"},{"taxonomy":"product_tag","embeddable":true,"href":"https:\/\/www.comoditahome.com\/al\/wp-json\/wp\/v2\/product_tag?post=86083"}],"curies":[{"name":"wp","href":"https:\/\/api.w.org\/{rel}","templated":true}]}}