 {"id":86099,"date":"2025-07-02T09:58:50","date_gmt":"2025-07-02T07:58:50","guid":{"rendered":"https:\/\/www.comoditahome.com\/al\/?post_type=product&#038;p=86099"},"modified":"2026-04-30T13:48:46","modified_gmt":"2026-04-30T11:48:46","slug":"jastek-klasik-drejtekendor","status":"publish","type":"product","link":"https:\/\/www.comoditahome.com\/al\/product\/jastek-klasik-drejtekendor\/","title":{"rendered":"Jast\u00ebk klasik drejt\u00ebk\u00ebndor"},"content":{"rendered":"","protected":false},"excerpt":{"rendered":"<div class=\"woocommerce-product-details__short-description\">\n<p>Jast\u00ebku klasik drejt\u00ebk\u00ebndor \u00ebsht\u00eb i mbushur me shpuz\u00eb polyuretane me aft\u00ebsi rimodelimi dhe veti anatomike. P\u00ebr shkak t\u00eb form\u00ebs s\u00eb konturuar, definim nga qepja asimetrike, ky jast\u00ebk mund\u00ebson perdorimin n\u00eb t\u00eb dyja an\u00ebt p\u00ebr mb\u00ebshtetjen e preferuar t\u00eb qaf\u00ebs dhe kok\u00ebs. Mb\u00ebshtjell\u00ebsi i tij me mikrofibrat nga poliesteri, mund\u00ebson vet-ajrosjen n\u00eb m\u00ebnyr\u00eb t\u00eb vazhdueshme.<\/p>\n<p><strong>Dimensioni \/ Kompozicioni:<\/strong> 50x70cm<\/p>\n<p><strong>NGJYRA:<\/strong> I bardh\u00eb<\/p>\n<p><strong>MATERIALI:<\/strong> Shpuz\u00eb poliuretane me mb\u00ebshtjell\u00ebs pambuku<\/p>\n<p><strong>UDH\u00cbZIMET E P\u00cbRDORIMIT:<\/strong> Jast\u00ebku nuk pastrohet, vet\u00ebm ajroset.<\/p>\n<p><strong>KUSHTET E KTHIMIT \/ GARANCION:<\/strong> P\u00ebr shkak t\u00eb kontaktit me higjien\u00eb personale, p\u00ebr produktet e tekstilit nuk pranohen kthime apo reklamacione.<\/p>\n<p style=\"text-align: left;\"><span style=\"color: #ffffff;\">5310233001329<\/span><\/p>\n<\/div>\n","protected":false},"featured_media":86100,"template":"","meta":[],"product_cat":[51,76],"product_tag":[],"_links":{"self":[{"href":"https:\/\/www.comoditahome.com\/al\/wp-json\/wp\/v2\/product\/86099"}],"collection":[{"href":"https:\/\/www.comoditahome.com\/al\/wp-json\/wp\/v2\/product"}],"about":[{"href":"https:\/\/www.comoditahome.com\/al\/wp-json\/wp\/v2\/types\/product"}],"version-history":[{"count":1,"href":"https:\/\/www.comoditahome.com\/al\/wp-json\/wp\/v2\/product\/86099\/revisions"}],"predecessor-version":[{"id":86103,"href":"https:\/\/www.comoditahome.com\/al\/wp-json\/wp\/v2\/product\/86099\/revisions\/86103"}],"wp:featuredmedia":[{"embeddable":true,"href":"https:\/\/www.comoditahome.com\/al\/wp-json\/wp\/v2\/media\/86100"}],"wp:attachment":[{"href":"https:\/\/www.comoditahome.com\/al\/wp-json\/wp\/v2\/media?parent=86099"}],"wp:term":[{"taxonomy":"product_cat","embeddable":true,"href":"https:\/\/www.comoditahome.com\/al\/wp-json\/wp\/v2\/product_cat?post=86099"},{"taxonomy":"product_tag","embeddable":true,"href":"https:\/\/www.comoditahome.com\/al\/wp-json\/wp\/v2\/product_tag?post=86099"}],"curies":[{"name":"wp","href":"https:\/\/api.w.org\/{rel}","templated":true}]}}