 {"id":86110,"date":"2025-07-02T10:03:23","date_gmt":"2025-07-02T08:03:23","guid":{"rendered":"https:\/\/www.comoditahome.com\/al\/?post_type=product&#038;p=86110"},"modified":"2026-05-06T13:06:15","modified_gmt":"2026-05-06T11:06:15","slug":"mbishtrese-gold-160x190cm","status":"publish","type":"product","link":"https:\/\/www.comoditahome.com\/al\/product\/mbishtrese-gold-160x190cm\/","title":{"rendered":"Mbishtres\u00eb Gold 160x190cm"},"content":{"rendered":"","protected":false},"excerpt":{"rendered":"<div class=\"woocommerce-product-details__short-description\">\n<p style=\"text-align: left;\">S\u00eb shpejti\u2026<\/p>\n<p style=\"text-align: left;\"><strong>Dimensioni \/ Kompozicioni:<\/strong> 160&#215;190\/5cm<\/p>\n<p style=\"text-align: left;\"><strong>NGJYRA:<\/strong> Gold<\/p>\n<p style=\"text-align: left;\"><strong>MATERIALI: <\/strong>S\u00eb shpejti\u2026<\/p>\n<p style=\"text-align: left;\"><strong>UDH\u00cbZIMET E P\u00cbRDORIMIT:<\/strong>\u00a0Nuk pastrohet, vet\u00ebm ajroset.<\/p>\n<p style=\"text-align: left;\"><strong>KUSHTET E KTHIMIT \/ GARANCION:<\/strong>\u00a0P\u00ebr shkak t\u00eb kontaktit me higjien\u00eb personale, p\u00ebr produktet e tekstilit nuk pranohen kthime apo reklamacion.<\/p>\n<p style=\"text-align: left;\"><span style=\"color: #ffffff;\">3905710940141<\/span><\/p>\n<\/div>\n","protected":false},"featured_media":86105,"template":"","meta":[],"product_cat":[51,86],"product_tag":[],"_links":{"self":[{"href":"https:\/\/www.comoditahome.com\/al\/wp-json\/wp\/v2\/product\/86110"}],"collection":[{"href":"https:\/\/www.comoditahome.com\/al\/wp-json\/wp\/v2\/product"}],"about":[{"href":"https:\/\/www.comoditahome.com\/al\/wp-json\/wp\/v2\/types\/product"}],"version-history":[{"count":1,"href":"https:\/\/www.comoditahome.com\/al\/wp-json\/wp\/v2\/product\/86110\/revisions"}],"predecessor-version":[{"id":86111,"href":"https:\/\/www.comoditahome.com\/al\/wp-json\/wp\/v2\/product\/86110\/revisions\/86111"}],"wp:featuredmedia":[{"embeddable":true,"href":"https:\/\/www.comoditahome.com\/al\/wp-json\/wp\/v2\/media\/86105"}],"wp:attachment":[{"href":"https:\/\/www.comoditahome.com\/al\/wp-json\/wp\/v2\/media?parent=86110"}],"wp:term":[{"taxonomy":"product_cat","embeddable":true,"href":"https:\/\/www.comoditahome.com\/al\/wp-json\/wp\/v2\/product_cat?post=86110"},{"taxonomy":"product_tag","embeddable":true,"href":"https:\/\/www.comoditahome.com\/al\/wp-json\/wp\/v2\/product_tag?post=86110"}],"curies":[{"name":"wp","href":"https:\/\/api.w.org\/{rel}","templated":true}]}}