 {"id":86503,"date":"2025-07-30T12:53:00","date_gmt":"2025-07-30T10:53:00","guid":{"rendered":"https:\/\/www.comoditahome.com\/al\/?post_type=product&#038;p=86503"},"modified":"2026-05-07T09:34:36","modified_gmt":"2026-05-07T07:34:36","slug":"cante-udhetimi-day-to-day-green","status":"publish","type":"product","link":"https:\/\/www.comoditahome.com\/al\/product\/cante-udhetimi-day-to-day-green\/","title":{"rendered":"\u00c7ant\u00eb udh\u00ebtimi Day to Day Green"},"content":{"rendered":"","protected":false},"excerpt":{"rendered":"<p style=\"text-align: left;\">Kjo \u00e7ant\u00eb shpine moderne dhe praktike \u00ebsht\u00eb zgjedhja ideale p\u00ebr ata q\u00eb jan\u00eb gjithmon\u00eb n\u00eb l\u00ebvizje \u2013 qoft\u00eb p\u00ebr udh\u00ebtime, aventur\u00eb apo p\u00ebrdorim t\u00eb p\u00ebrditsh\u00ebm.<\/p>\n<ul>\n<li style=\"text-align: left;\">Dizajn dinamik dhe detaje t\u00eb menduara me kujdes<\/li>\n<li style=\"text-align: left;\">Material t\u00eb q\u00ebndruesh\u00ebm dhe rezistent ndaj ujit<\/li>\n<li style=\"text-align: left;\">Kapacitet t\u00eb mjaftuesh\u00ebm dhe organizim t\u00eb brendsh\u00ebm<\/li>\n<li style=\"text-align: left;\">Shirit\u00eb an\u00ebsor\u00eb, doreza dhe rripa t\u00eb mbushur p\u00ebr fleksibilitet n\u00eb mbajtje<\/li>\n<li style=\"text-align: left;\">Xhep p\u00ebr sigurin\u00eb e sendeve me vler\u00eb.<\/li>\n<\/ul>\n<p style=\"text-align: left;\">Stil, funksionalitet dhe rehati \u2013 t\u00eb gjitha n\u00eb nj\u00eb \u00e7ant\u00eb q\u00eb i p\u00ebrshtatet \u00e7do destinacioni.<\/p>\n<p style=\"text-align: left;\"><strong>Dimensioni:<\/strong> 31.5*17*49 cm<\/p>\n<p style=\"text-align: left;\"><strong>NGJYRA:<\/strong> Gjelb\u00ebrt e err\u00ebt dhe Portokall<\/p>\n<p style=\"text-align: left;\"><strong>MATERIALI:<\/strong> Poliester i ricikluar + L\u00ebkur\u00eb mikrofib\u00ebr<\/p>\n<p style=\"text-align: left;\"><strong>UDH\u00cbZIMET E P\u00cbRDORIMIT:<\/strong> T\u00eb pastrohet me dor\u00eb<\/p>\n<p style=\"text-align: left;\"><strong>KUSHTET E KTHIMIT \/ GARANCION:<\/strong> P\u00ebr k\u00ebt\u00eb produkt pranohet reklamacion brenda 24 or\u00ebve pasi t\u00eb pranoni porosin\u00eb.<\/p>\n<p style=\"text-align: left;\"><span style=\"color: #ffffff;\">3905710930708<\/span><\/p>\n","protected":false},"featured_media":86504,"template":"","meta":[],"product_cat":[90,88],"product_tag":[],"_links":{"self":[{"href":"https:\/\/www.comoditahome.com\/al\/wp-json\/wp\/v2\/product\/86503"}],"collection":[{"href":"https:\/\/www.comoditahome.com\/al\/wp-json\/wp\/v2\/product"}],"about":[{"href":"https:\/\/www.comoditahome.com\/al\/wp-json\/wp\/v2\/types\/product"}],"version-history":[{"count":2,"href":"https:\/\/www.comoditahome.com\/al\/wp-json\/wp\/v2\/product\/86503\/revisions"}],"predecessor-version":[{"id":86512,"href":"https:\/\/www.comoditahome.com\/al\/wp-json\/wp\/v2\/product\/86503\/revisions\/86512"}],"wp:featuredmedia":[{"embeddable":true,"href":"https:\/\/www.comoditahome.com\/al\/wp-json\/wp\/v2\/media\/86504"}],"wp:attachment":[{"href":"https:\/\/www.comoditahome.com\/al\/wp-json\/wp\/v2\/media?parent=86503"}],"wp:term":[{"taxonomy":"product_cat","embeddable":true,"href":"https:\/\/www.comoditahome.com\/al\/wp-json\/wp\/v2\/product_cat?post=86503"},{"taxonomy":"product_tag","embeddable":true,"href":"https:\/\/www.comoditahome.com\/al\/wp-json\/wp\/v2\/product_tag?post=86503"}],"curies":[{"name":"wp","href":"https:\/\/api.w.org\/{rel}","templated":true}]}}