 {"id":86513,"date":"2025-07-30T12:57:33","date_gmt":"2025-07-30T10:57:33","guid":{"rendered":"https:\/\/www.comoditahome.com\/al\/?post_type=product&#038;p=86513"},"modified":"2026-03-02T09:11:59","modified_gmt":"2026-03-02T07:11:59","slug":"cante-shpine-expend-khaki","status":"publish","type":"product","link":"https:\/\/www.comoditahome.com\/al\/product\/cante-shpine-expend-khaki\/","title":{"rendered":"\u00c7ant\u00eb shpine Expend Khaki"},"content":{"rendered":"","protected":false},"excerpt":{"rendered":"<div class=\"woocommerce-product-details__short-description\">\n<p style=\"text-align: left;\">Zbuloni kombinimin perfekt mes funksionalitetit dhe stilit me k\u00ebt\u00eb \u00e7ant\u00eb shpine elegante. E dizajnuar p\u00ebr ata q\u00eb jan\u00eb gjithmon\u00eb n\u00eb l\u00ebvizje, kjo \u00e7ant\u00eb vjen me nj\u00eb pamje minimaliste dhe urbane.<\/p>\n<ul style=\"text-align: left;\">\n<li>\u00c7ant\u00eb moderne dhe rezistente ndaj ujit<\/li>\n<li>Dizajn funksional \u201croll-top\u201d<\/li>\n<li>Ndarje praktike, hap\u00ebsir\u00eb p\u00ebr laptop<\/li>\n<li>Rripa t\u00eb mbushur p\u00ebr rehati maksimale n\u00eb p\u00ebrdorim t\u00eb p\u00ebrditsh\u00ebm apo gjat\u00eb udh\u00ebtimeve.<\/li>\n<\/ul>\n<p style=\"text-align: left;\"><strong>Dimensioni: <\/strong><strong>30*15*46 cm<\/strong><\/p>\n<p style=\"text-align: left;\"><strong>NGJYRA:<\/strong>\u00a0Kafe-portokall<\/p>\n<p style=\"text-align: left;\"><strong>MATERIALI:<\/strong>\u00a0Poliester + L\u00ebkur\u00eb mikrofib\u00ebr<\/p>\n<p style=\"text-align: left;\"><strong>UDH\u00cbZIMET E P\u00cbRDORIMIT:<\/strong>\u00a0T\u00eb pastrohet me dor\u00eb<\/p>\n<p style=\"text-align: left;\"><strong>KUSHTET E KTHIMIT \/ GARANCION:<\/strong>\u00a0P\u00ebr k\u00ebt\u00eb produkt pranohet reklamacion brenda 24 or\u00ebve pasi t\u00eb pranoni porosin\u00eb.<\/p>\n<p style=\"text-align: left;\"><span style=\"color: #ffffff;\">3905710930678<\/span><\/p>\n<\/div>\n","protected":false},"featured_media":86514,"template":"","meta":[],"product_cat":[90,88],"product_tag":[],"_links":{"self":[{"href":"https:\/\/www.comoditahome.com\/al\/wp-json\/wp\/v2\/product\/86513"}],"collection":[{"href":"https:\/\/www.comoditahome.com\/al\/wp-json\/wp\/v2\/product"}],"about":[{"href":"https:\/\/www.comoditahome.com\/al\/wp-json\/wp\/v2\/types\/product"}],"version-history":[{"count":3,"href":"https:\/\/www.comoditahome.com\/al\/wp-json\/wp\/v2\/product\/86513\/revisions"}],"predecessor-version":[{"id":86537,"href":"https:\/\/www.comoditahome.com\/al\/wp-json\/wp\/v2\/product\/86513\/revisions\/86537"}],"wp:featuredmedia":[{"embeddable":true,"href":"https:\/\/www.comoditahome.com\/al\/wp-json\/wp\/v2\/media\/86514"}],"wp:attachment":[{"href":"https:\/\/www.comoditahome.com\/al\/wp-json\/wp\/v2\/media?parent=86513"}],"wp:term":[{"taxonomy":"product_cat","embeddable":true,"href":"https:\/\/www.comoditahome.com\/al\/wp-json\/wp\/v2\/product_cat?post=86513"},{"taxonomy":"product_tag","embeddable":true,"href":"https:\/\/www.comoditahome.com\/al\/wp-json\/wp\/v2\/product_tag?post=86513"}],"curies":[{"name":"wp","href":"https:\/\/api.w.org\/{rel}","templated":true}]}}