 {"id":86524,"date":"2025-07-30T12:59:27","date_gmt":"2025-07-30T10:59:27","guid":{"rendered":"https:\/\/www.comoditahome.com\/al\/?post_type=product&#038;p=86524"},"modified":"2026-05-07T09:34:36","modified_gmt":"2026-05-07T07:34:36","slug":"cante-shpine-expend-black","status":"publish","type":"product","link":"https:\/\/www.comoditahome.com\/al\/product\/cante-shpine-expend-black\/","title":{"rendered":"\u00c7ant\u00eb shpine Expend Black"},"content":{"rendered":"","protected":false},"excerpt":{"rendered":"<p style=\"text-align: left;\">Zbuloni kombinimin perfekt mes funksionalitetit dhe stilit me k\u00ebt\u00eb \u00e7ant\u00eb shpine elegante. E dizajnuar p\u00ebr ata q\u00eb jan\u00eb gjithmon\u00eb n\u00eb l\u00ebvizje, kjo \u00e7ant\u00eb vjen me nj\u00eb pamje minimaliste dhe urbane.<\/p>\n<ul style=\"text-align: left;\">\n<li>\u00c7ant\u00eb rezistente ndaj ujit<\/li>\n<li>Dizajn \u201croll-top\u201d p\u00ebr zgjerim dhe mbyllje t\u00eb sigurt<\/li>\n<li>Ofron shum\u00eb ndarje praktike<\/li>\n<li>Shirit\u00eb t\u00eb mbushur p\u00ebr rehati maksimale gjat\u00eb p\u00ebrdorimit t\u00eb p\u00ebrditsh\u00ebm dhe udh\u00ebtimeve.<\/li>\n<\/ul>\n<p style=\"text-align: left;\"><strong>Dimensioni:\u00a0<\/strong><strong>30*15*46 cm<\/strong><\/p>\n<p style=\"text-align: left;\"><strong>NGJYRA:<\/strong>\u00a0Zez\u00eb<\/p>\n<p style=\"text-align: left;\"><strong>MATERIALI:<\/strong>\u00a0Poliester + L\u00ebkur\u00eb mikrofib\u00ebr<\/p>\n<p style=\"text-align: left;\"><strong>UDH\u00cbZIMET E P\u00cbRDORIMIT:<\/strong>\u00a0T\u00eb pastrohet me dor\u00eb<\/p>\n<p style=\"text-align: left;\"><strong>KUSHTET E KTHIMIT \/ GARANCION:<\/strong>\u00a0P\u00ebr k\u00ebt\u00eb produkt pranohet reklamacion brenda 24 or\u00ebve pasi t\u00eb pranoni porosin\u00eb.<\/p>\n<p style=\"text-align: left;\"><span style=\"color: #ffffff;\">3905710930685<\/span><\/p>\n","protected":false},"featured_media":86525,"template":"","meta":[],"product_cat":[90,88],"product_tag":[],"_links":{"self":[{"href":"https:\/\/www.comoditahome.com\/al\/wp-json\/wp\/v2\/product\/86524"}],"collection":[{"href":"https:\/\/www.comoditahome.com\/al\/wp-json\/wp\/v2\/product"}],"about":[{"href":"https:\/\/www.comoditahome.com\/al\/wp-json\/wp\/v2\/types\/product"}],"version-history":[{"count":2,"href":"https:\/\/www.comoditahome.com\/al\/wp-json\/wp\/v2\/product\/86524\/revisions"}],"predecessor-version":[{"id":86538,"href":"https:\/\/www.comoditahome.com\/al\/wp-json\/wp\/v2\/product\/86524\/revisions\/86538"}],"wp:featuredmedia":[{"embeddable":true,"href":"https:\/\/www.comoditahome.com\/al\/wp-json\/wp\/v2\/media\/86525"}],"wp:attachment":[{"href":"https:\/\/www.comoditahome.com\/al\/wp-json\/wp\/v2\/media?parent=86524"}],"wp:term":[{"taxonomy":"product_cat","embeddable":true,"href":"https:\/\/www.comoditahome.com\/al\/wp-json\/wp\/v2\/product_cat?post=86524"},{"taxonomy":"product_tag","embeddable":true,"href":"https:\/\/www.comoditahome.com\/al\/wp-json\/wp\/v2\/product_tag?post=86524"}],"curies":[{"name":"wp","href":"https:\/\/api.w.org\/{rel}","templated":true}]}}