 {"id":86528,"date":"2025-07-30T13:01:31","date_gmt":"2025-07-30T11:01:31","guid":{"rendered":"https:\/\/www.comoditahome.com\/al\/?post_type=product&#038;p=86528"},"modified":"2026-05-07T09:34:36","modified_gmt":"2026-05-07T07:34:36","slug":"cante-shpine-fold-black","status":"publish","type":"product","link":"https:\/\/www.comoditahome.com\/al\/product\/cante-shpine-fold-black\/","title":{"rendered":"\u00c7ant\u00eb shpine Fold Black"},"content":{"rendered":"","protected":false},"excerpt":{"rendered":"<div class=\"woocommerce-product-details__short-description\">\n<p style=\"text-align: left;\">Kjo \u00e7ant\u00eb shpine me dizajn minimalist dhe modern \u00ebsht\u00eb perfekte p\u00ebr ata q\u00eb k\u00ebrkojn\u00eb nj\u00eb kombinim mes stilit dhe funksionalitetit.<\/p>\n<ul style=\"text-align: left;\">\n<li>Dizajn elegant me linja t\u00eb pastra<\/li>\n<li>Material rezistent ndaj ujit dhe struktur\u00eb t\u00eb fort\u00eb, ofron mbrojtje t\u00eb lart\u00eb p\u00ebr laptopin dhe pajisjet tuaja personale.<\/li>\n<li>Kapacitet t\u00eb mjaftuesh\u00ebm p\u00ebr laptop\u00eb dhe dokumente<\/li>\n<li>Mbyllet me kap\u00ebse t\u00eb sigurt, dhe shirit\u00eb t\u00eb rregulluesh\u00ebm p\u00ebr rehati maksimale gjat\u00eb p\u00ebrdorimit.<\/li>\n<\/ul>\n<p style=\"text-align: left;\">Ideale p\u00ebr profesionist\u00eb, student\u00eb dhe p\u00ebr udh\u00ebtime urbane.<\/p>\n<p style=\"text-align: left;\"><strong>Dimensioni: <\/strong><strong>32*15*43CM<\/strong><\/p>\n<p style=\"text-align: left;\"><strong>NGJYRA:<\/strong>\u00a0Zez\u00eb<\/p>\n<p style=\"text-align: left;\"><strong>MATERIALI:<\/strong>\u00a0Poliester<\/p>\n<p style=\"text-align: left;\"><strong>UDH\u00cbZIMET E P\u00cbRDORIMIT:<\/strong>\u00a0T\u00eb pastrohet me dor\u00eb<\/p>\n<p style=\"text-align: left;\"><strong>KUSHTET E KTHIMIT \/ GARANCION:<\/strong>\u00a0P\u00ebr k\u00ebt\u00eb produkt pranohet reklamacion brenda 24 or\u00ebve pasi t\u00eb pranoni porosin\u00eb.<\/p>\n<p style=\"text-align: left;\"><span style=\"color: #ffffff;\">3905710930715<\/span><\/p>\n<\/div>\n","protected":false},"featured_media":86529,"template":"","meta":[],"product_cat":[90,88],"product_tag":[],"_links":{"self":[{"href":"https:\/\/www.comoditahome.com\/al\/wp-json\/wp\/v2\/product\/86528"}],"collection":[{"href":"https:\/\/www.comoditahome.com\/al\/wp-json\/wp\/v2\/product"}],"about":[{"href":"https:\/\/www.comoditahome.com\/al\/wp-json\/wp\/v2\/types\/product"}],"version-history":[{"count":2,"href":"https:\/\/www.comoditahome.com\/al\/wp-json\/wp\/v2\/product\/86528\/revisions"}],"predecessor-version":[{"id":86536,"href":"https:\/\/www.comoditahome.com\/al\/wp-json\/wp\/v2\/product\/86528\/revisions\/86536"}],"wp:featuredmedia":[{"embeddable":true,"href":"https:\/\/www.comoditahome.com\/al\/wp-json\/wp\/v2\/media\/86529"}],"wp:attachment":[{"href":"https:\/\/www.comoditahome.com\/al\/wp-json\/wp\/v2\/media?parent=86528"}],"wp:term":[{"taxonomy":"product_cat","embeddable":true,"href":"https:\/\/www.comoditahome.com\/al\/wp-json\/wp\/v2\/product_cat?post=86528"},{"taxonomy":"product_tag","embeddable":true,"href":"https:\/\/www.comoditahome.com\/al\/wp-json\/wp\/v2\/product_tag?post=86528"}],"curies":[{"name":"wp","href":"https:\/\/api.w.org\/{rel}","templated":true}]}}