 {"id":86539,"date":"2025-07-30T13:04:15","date_gmt":"2025-07-30T11:04:15","guid":{"rendered":"https:\/\/www.comoditahome.com\/al\/?post_type=product&#038;p=86539"},"modified":"2026-03-02T09:11:59","modified_gmt":"2026-03-02T07:11:59","slug":"cante-shpine-everyday-black","status":"publish","type":"product","link":"https:\/\/www.comoditahome.com\/al\/product\/cante-shpine-everyday-black\/","title":{"rendered":"\u00c7ant\u00eb shpine Everyday Black"},"content":{"rendered":"","protected":false},"excerpt":{"rendered":"<div class=\"woocommerce-product-details__short-description\">\n<p style=\"text-align: left;\">P\u00ebr ata q\u00eb vler\u00ebsojn\u00eb\u00a0stilin modern, past\u00ebrtin\u00eb e linjave dhe funksionalitetin, kjo \u00e7ant\u00eb shpine \u00ebsht\u00eb zgjedhja ideale. Kjo \u00e7ant\u00eb p\u00ebrfaq\u00ebson kombinimin perfekt mes estetik\u00ebs urbane dhe p\u00ebrdorimit praktik.<\/p>\n<ul style=\"text-align: left;\">\n<li>Dizajn t\u00eb past\u00ebr dhe modern<\/li>\n<li>Material rezistent ndaj ujit dhe t\u00eb q\u00ebndruesh\u00ebm<\/li>\n<li>Mbyllje \u201croll-top\u201d p\u00ebr zgjerim kapaciteti<\/li>\n<li>Shirit mb\u00ebshtet\u00ebs dhe rripa t\u00eb rehatsh\u00ebm p\u00ebr mbajtje t\u00eb gjat\u00eb<\/li>\n<li>Ideale p\u00ebr laptop\u00eb, dokumente dhe pajisje personale n\u00eb pun\u00eb, udh\u00ebtime ose aktivitete ditore.<\/li>\n<\/ul>\n<p style=\"text-align: left;\">Nj\u00eb zgjedhje p\u00ebr ata q\u00eb k\u00ebrkojn\u00eb\u00a0thjesht\u00ebsi me klas\u00a0dhe\u00a0cil\u00ebsi n\u00eb \u00e7do detaj.<\/p>\n<p style=\"text-align: left;\"><strong>Dimensioni: <\/strong><strong>29.5*11*45 cm<\/strong><\/p>\n<p style=\"text-align: left;\"><strong>NGJYRA:<\/strong>\u00a0Zez\u00eb<\/p>\n<p style=\"text-align: left;\"><strong>MATERIALI:<\/strong>\u00a0Poliuretani<\/p>\n<p style=\"text-align: left;\"><strong>UDH\u00cbZIMET E P\u00cbRDORIMIT:<\/strong>\u00a0T\u00eb pastrohet me dor\u00eb<\/p>\n<p style=\"text-align: left;\"><strong>KUSHTET E KTHIMIT \/ GARANCION:<\/strong>\u00a0P\u00ebr k\u00ebt\u00eb produkt pranohet reklamacion brenda 24 or\u00ebve pasi t\u00eb pranoni porosin\u00eb.<\/p>\n<p style=\"text-align: left;\"><span style=\"color: #ffffff;\">3905710930739<\/span><\/p>\n<\/div>\n","protected":false},"featured_media":86540,"template":"","meta":[],"product_cat":[90,88],"product_tag":[],"_links":{"self":[{"href":"https:\/\/www.comoditahome.com\/al\/wp-json\/wp\/v2\/product\/86539"}],"collection":[{"href":"https:\/\/www.comoditahome.com\/al\/wp-json\/wp\/v2\/product"}],"about":[{"href":"https:\/\/www.comoditahome.com\/al\/wp-json\/wp\/v2\/types\/product"}],"version-history":[{"count":1,"href":"https:\/\/www.comoditahome.com\/al\/wp-json\/wp\/v2\/product\/86539\/revisions"}],"predecessor-version":[{"id":86542,"href":"https:\/\/www.comoditahome.com\/al\/wp-json\/wp\/v2\/product\/86539\/revisions\/86542"}],"wp:featuredmedia":[{"embeddable":true,"href":"https:\/\/www.comoditahome.com\/al\/wp-json\/wp\/v2\/media\/86540"}],"wp:attachment":[{"href":"https:\/\/www.comoditahome.com\/al\/wp-json\/wp\/v2\/media?parent=86539"}],"wp:term":[{"taxonomy":"product_cat","embeddable":true,"href":"https:\/\/www.comoditahome.com\/al\/wp-json\/wp\/v2\/product_cat?post=86539"},{"taxonomy":"product_tag","embeddable":true,"href":"https:\/\/www.comoditahome.com\/al\/wp-json\/wp\/v2\/product_tag?post=86539"}],"curies":[{"name":"wp","href":"https:\/\/api.w.org\/{rel}","templated":true}]}}