 {"id":86556,"date":"2025-07-30T13:10:03","date_gmt":"2025-07-30T11:10:03","guid":{"rendered":"https:\/\/www.comoditahome.com\/al\/?post_type=product&#038;p=86556"},"modified":"2026-04-09T11:55:25","modified_gmt":"2026-04-09T09:55:25","slug":"cante-organizuese-black","status":"publish","type":"product","link":"https:\/\/www.comoditahome.com\/al\/product\/cante-organizuese-black\/","title":{"rendered":"\u00c7ant\u00eb organizuese Black"},"content":{"rendered":"","protected":false},"excerpt":{"rendered":"<div class=\"woocommerce-product-details__short-description\">\n<p style=\"text-align: left;\">Kjo \u00e7ant\u00eb elegante me dizajn minimalist dhe ngjyr\u00eb t\u00eb zez\u00eb \u00ebsht\u00eb zgjidhja ideale p\u00ebr ata q\u00eb vler\u00ebsojn\u00eb funksionalitetin dhe stilin.<\/p>\n<ul style=\"text-align: left;\">\n<li>P\u00ebrmasa kompakte dhe ndarje t\u00eb brendshme t\u00eb organizuara mir\u00eb, ajo \u00ebsht\u00eb perfekte p\u00ebr udh\u00ebtime, palest\u00ebr ose p\u00ebr p\u00ebrdorim t\u00eb p\u00ebrditsh\u00ebm.<\/li>\n<li>Material rezistent ndaj ujit<\/li>\n<li>Mbyllje me dy zinxhir\u00eb p\u00ebr akses t\u00eb shpejt\u00eb, dizajn t\u00eb past\u00ebr dhe modern<\/li>\n<li>E p\u00ebrshtatshme p\u00ebr tualet, pajisje teknologjike apo aksesor\u00eb t\u00eb vegj\u00ebl.<\/li>\n<\/ul>\n<p style=\"text-align: left;\"><strong>Dimensioni: <\/strong><strong>23*9*13 cm<\/strong><\/p>\n<p style=\"text-align: left;\"><strong>NGJYRA:<\/strong>\u00a0Zez\u00eb<\/p>\n<p style=\"text-align: left;\"><strong>MATERIALI:<\/strong>\u00a0Poliuretani<\/p>\n<p style=\"text-align: left;\"><strong>UDH\u00cbZIMET E P\u00cbRDORIMIT:<\/strong>\u00a0T\u00eb pastrohet me dor\u00eb<\/p>\n<p style=\"text-align: left;\"><strong>KUSHTET E KTHIMIT \/ GARANCION:<\/strong>\u00a0P\u00ebr k\u00ebt\u00eb produkt pranohet reklamacion brenda 24 or\u00ebve pasi t\u00eb pranoni porosin\u00eb.<\/p>\n<p style=\"text-align: left;\"><span style=\"color: #ffffff;\">3905710930760<\/span><\/p>\n<\/div>\n","protected":false},"featured_media":86557,"template":"","meta":[],"product_cat":[90,88],"product_tag":[],"_links":{"self":[{"href":"https:\/\/www.comoditahome.com\/al\/wp-json\/wp\/v2\/product\/86556"}],"collection":[{"href":"https:\/\/www.comoditahome.com\/al\/wp-json\/wp\/v2\/product"}],"about":[{"href":"https:\/\/www.comoditahome.com\/al\/wp-json\/wp\/v2\/types\/product"}],"version-history":[{"count":3,"href":"https:\/\/www.comoditahome.com\/al\/wp-json\/wp\/v2\/product\/86556\/revisions"}],"predecessor-version":[{"id":86565,"href":"https:\/\/www.comoditahome.com\/al\/wp-json\/wp\/v2\/product\/86556\/revisions\/86565"}],"wp:featuredmedia":[{"embeddable":true,"href":"https:\/\/www.comoditahome.com\/al\/wp-json\/wp\/v2\/media\/86557"}],"wp:attachment":[{"href":"https:\/\/www.comoditahome.com\/al\/wp-json\/wp\/v2\/media?parent=86556"}],"wp:term":[{"taxonomy":"product_cat","embeddable":true,"href":"https:\/\/www.comoditahome.com\/al\/wp-json\/wp\/v2\/product_cat?post=86556"},{"taxonomy":"product_tag","embeddable":true,"href":"https:\/\/www.comoditahome.com\/al\/wp-json\/wp\/v2\/product_tag?post=86556"}],"curies":[{"name":"wp","href":"https:\/\/api.w.org\/{rel}","templated":true}]}}