 {"id":86579,"date":"2025-07-30T13:16:13","date_gmt":"2025-07-30T11:16:13","guid":{"rendered":"https:\/\/www.comoditahome.com\/al\/?post_type=product&#038;p=86579"},"modified":"2026-04-09T11:55:25","modified_gmt":"2026-04-09T09:55:25","slug":"cante-kozmetike-dusty-rose","status":"publish","type":"product","link":"https:\/\/www.comoditahome.com\/al\/product\/cante-kozmetike-dusty-rose\/","title":{"rendered":"\u00c7ant\u00eb Kozmetike Dusty Rose"},"content":{"rendered":"","protected":false},"excerpt":{"rendered":"<div class=\"woocommerce-product-details__short-description\">\n<p style=\"text-align: left;\">Kjo \u00e7ant\u00eb praktike n\u00eb ngjyr\u00eb Roz\u00eb e hapur \u00ebsht\u00eb zgjidhja perfekte p\u00ebr organizimin e aksesor\u00ebve personal.<\/p>\n<ul style=\"text-align: left;\">\n<li>Dizajn t\u00eb rafinuar dhe funksionalitet t\u00eb zgjuar<\/li>\n<li>Dy ndarje t\u00eb ve\u00e7anta: nj\u00eb ndarje kryesore p\u00ebr sendet m\u00eb t\u00eb m\u00ebdha dhe nj\u00eb ndarje t\u00eb poshtme me zinxhir p\u00ebr organizim shtes\u00eb<\/li>\n<li>Ideale p\u00ebr udh\u00ebtime, zyr\u00eb apo palest\u00ebr, kjo \u00e7ant\u00eb ju ndihmon t\u00eb mbani gjith\u00e7ka n\u00eb rregull \u2013 me stil.<\/li>\n<li>Material t\u00eb q\u00ebndruesh\u00ebm dhe t\u00eb pap\u00ebrshkuesh\u00ebm nga uji<\/li>\n<li>Dizajn elegant me dorez\u00eb p\u00ebr mbajtje t\u00eb leht\u00eb<\/li>\n<li>Ngjyr\u00eb moderne e neutrale q\u00eb i p\u00ebrshtatet \u00e7do stili.<\/li>\n<\/ul>\n<p style=\"text-align: left;\"><strong>Dimensioni: <\/strong><strong>23*13*14cm<\/strong><\/p>\n<p style=\"text-align: left;\"><strong>NGJYRA: <\/strong>Roz\u00eb e hapur<\/p>\n<p style=\"text-align: left;\"><strong>MATERIALI:<\/strong>\u00a0Poliuretani<\/p>\n<p style=\"text-align: left;\"><strong>UDH\u00cbZIMET E P\u00cbRDORIMIT:<\/strong>\u00a0T\u00eb pastrohet me dor\u00eb<\/p>\n<p style=\"text-align: left;\"><strong>KUSHTET E KTHIMIT \/ GARANCION:<\/strong>\u00a0P\u00ebr k\u00ebt\u00eb produkt pranohet reklamacion brenda 24 or\u00ebve pasi t\u00eb pranoni porosin\u00eb.<\/p>\n<p style=\"text-align: left;\"><span style=\"color: #ffffff;\">3905710930807<\/span><\/p>\n<\/div>\n","protected":false},"featured_media":86580,"template":"","meta":[],"product_cat":[90,88],"product_tag":[],"_links":{"self":[{"href":"https:\/\/www.comoditahome.com\/al\/wp-json\/wp\/v2\/product\/86579"}],"collection":[{"href":"https:\/\/www.comoditahome.com\/al\/wp-json\/wp\/v2\/product"}],"about":[{"href":"https:\/\/www.comoditahome.com\/al\/wp-json\/wp\/v2\/types\/product"}],"version-history":[{"count":1,"href":"https:\/\/www.comoditahome.com\/al\/wp-json\/wp\/v2\/product\/86579\/revisions"}],"predecessor-version":[{"id":86586,"href":"https:\/\/www.comoditahome.com\/al\/wp-json\/wp\/v2\/product\/86579\/revisions\/86586"}],"wp:featuredmedia":[{"embeddable":true,"href":"https:\/\/www.comoditahome.com\/al\/wp-json\/wp\/v2\/media\/86580"}],"wp:attachment":[{"href":"https:\/\/www.comoditahome.com\/al\/wp-json\/wp\/v2\/media?parent=86579"}],"wp:term":[{"taxonomy":"product_cat","embeddable":true,"href":"https:\/\/www.comoditahome.com\/al\/wp-json\/wp\/v2\/product_cat?post=86579"},{"taxonomy":"product_tag","embeddable":true,"href":"https:\/\/www.comoditahome.com\/al\/wp-json\/wp\/v2\/product_tag?post=86579"}],"curies":[{"name":"wp","href":"https:\/\/api.w.org\/{rel}","templated":true}]}}